{"id":35958,"date":"2026-02-11T16:08:49","date_gmt":"2026-02-11T16:08:49","guid":{"rendered":"https:\/\/ge.managedwp.agency\/imobiliare\/?post_type=product&#038;p=35958"},"modified":"2026-02-11T16:10:03","modified_gmt":"2026-02-11T16:10:03","slug":"luxury-properties-one-verdi-park","status":"publish","type":"product","link":"https:\/\/ge.managedwp.agency\/imobiliare\/produs\/luxury-properties-one-verdi-park\/","title":{"rendered":"LUXURY PROPERTIES  ONE VERDI PARK"},"content":{"rendered":"<p>Amplasat in partea de nord a capitalei, la doar c\u00e2tiva pasi distant fat de parc, One Verdi Park este format din cele mai inalte doua turnuri rezidentiale din Bucuresti cu vederi panoramice at\u00e2t asupra Lacului Tei, c\u00e2t si Floreasca. Complexul rezidential de lux remodeleaza piata imobiliar\u00e0 din Bucuresti, at\u00e2t prin tehnologile utilizate, c\u00e2t si prin privelistile sale spectaculoase.<br \/>\nDispune de world class, shopping, cultur\u0103, facilit\u0103\u021bi. Inspir\u00e2nd lumea cu combina\u021bia perfect\u0103 de experien\u021be dinamice, inova\u021bie \u0219i concept de via\u021b\u0103, ONE Verdi Park este o atmosfer\u0103 cosmopolit\u0103 proasp\u0103t\u0103, oferit\u0103 cet\u0103\u021benilor.<\/p>\n<p>2 sta\u021bii de metrou, gr\u0103dini\u021b\u0103, \u0219coal\u0103 \u0219i la distan\u021b\u0103 de mers pe jos p\u00e2n\u0103 la centrul sportiv, tramvai, trasee de autobuz urban Liceu \u00een raza de ac\u021biune Piscina, teren de tenis, divertisment<br \/>\nEvadarea perfect\u0103, care este sus \u0219i departe de atmosfera aglomerat\u0103 a ora\u0219ului, totul completat de o vedere de ansamblu spectaculoas\u0103 a Parcului Verdi, Lacul Floreasca.<\/p>\n","protected":false},"excerpt":{"rendered":"<p>Amplasat in partea de nord a capitalei, la doar c\u00e2tiva pasi distant fat de parc, One Verdi Park este format<\/p>\n","protected":false},"featured_media":36074,"template":"","meta":[],"product_brand":[],"product_cat":[2349,2352],"product_tag":[2356],"class_list":{"0":"post-35958","1":"product","2":"type-product","3":"status-publish","4":"has-post-thumbnail","6":"product_cat-imobiliare","7":"product_cat-interior-design","8":"product_tag-real-estate-luxury-properties-luxury-design-best-investment","10":"first","11":"instock","12":"taxable","13":"shipping-taxable","14":"product-type-simple"},"_links":{"self":[{"href":"https:\/\/ge.managedwp.agency\/imobiliare\/wp-json\/wp\/v2\/product\/35958","targetHints":{"allow":["GET"]}}],"collection":[{"href":"https:\/\/ge.managedwp.agency\/imobiliare\/wp-json\/wp\/v2\/product"}],"about":[{"href":"https:\/\/ge.managedwp.agency\/imobiliare\/wp-json\/wp\/v2\/types\/product"}],"version-history":[{"count":1,"href":"https:\/\/ge.managedwp.agency\/imobiliare\/wp-json\/wp\/v2\/product\/35958\/revisions"}],"predecessor-version":[{"id":36075,"href":"https:\/\/ge.managedwp.agency\/imobiliare\/wp-json\/wp\/v2\/product\/35958\/revisions\/36075"}],"wp:featuredmedia":[{"embeddable":true,"href":"https:\/\/ge.managedwp.agency\/imobiliare\/wp-json\/wp\/v2\/media\/36074"}],"wp:attachment":[{"href":"https:\/\/ge.managedwp.agency\/imobiliare\/wp-json\/wp\/v2\/media?parent=35958"}],"wp:term":[{"taxonomy":"product_brand","embeddable":true,"href":"https:\/\/ge.managedwp.agency\/imobiliare\/wp-json\/wp\/v2\/product_brand?post=35958"},{"taxonomy":"product_cat","embeddable":true,"href":"https:\/\/ge.managedwp.agency\/imobiliare\/wp-json\/wp\/v2\/product_cat?post=35958"},{"taxonomy":"product_tag","embeddable":true,"href":"https:\/\/ge.managedwp.agency\/imobiliare\/wp-json\/wp\/v2\/product_tag?post=35958"}],"curies":[{"name":"wp","href":"https:\/\/api.w.org\/{rel}","templated":true}]}}