{"id":35956,"date":"2026-02-11T16:08:49","date_gmt":"2026-02-11T16:08:49","guid":{"rendered":"https:\/\/ge.managedwp.agency\/imobiliare\/?post_type=product&#038;p=35956"},"modified":"2026-02-11T16:09:46","modified_gmt":"2026-02-11T16:09:46","slug":"luxury-properties-one-high-district","status":"publish","type":"product","link":"https:\/\/ge.managedwp.agency\/imobiliare\/produs\/luxury-properties-one-high-district\/","title":{"rendered":"LUXURY PROPERTIES ONE HIGH DISTRICT"},"content":{"rendered":"<p>Preg\u0103te\u0219te-te s\u0103 descoperi cele mai \u00eenalte standarde de via\u021b\u0103 \u00een cea mai nou\u0103 ad\u0103ugare la portofoliul reziden\u021bial One &#8211; cartierul One High care va veni \u00een cur\u00e2nd. Peste 700 de unit\u0103\u021bi de locuit, construite pe o suprafa\u021b\u0103 de teren de 25.000 mp din care mai mult de 30% reprezint\u0103 zone verzi, acest adev\u0103rat ora\u0219 al viitorului ofer\u0103 locuitorilor s\u0103i buni experien\u021ba de via\u021b\u0103 real\u0103, ca parte a One <\/p>\n<p>Cu vederi deschise spre lacurile Tei \u0219i Plumbuita, panorame grozave ale orizontului care v\u0103 \u00eent\u00e2mpin\u0103 dimine\u021bile cu r\u0103s\u0103rituri frumoase \u0219i seri cu apusuri deosebite.<\/p>\n<p>Galerie comercial\u0103<br \/>\n* Gradini interioare<br \/>\n* Sal\u0103 de sport \u0219i loc de joac\u0103<br \/>\n* Parcare subterana<br \/>\n* Sisteme de instalare cu poluare sc\u0103zut\u0103<br \/>\n* Materiale durabile<br \/>\n* Eficient energetic<br \/>\n* Sursa de c\u0103ldur\u0103 la sol<br \/>\nPump system<br \/>\n* Fatada ventilata<\/p>\n","protected":false},"excerpt":{"rendered":"<p>Preg\u0103te\u0219te-te s\u0103 descoperi cele mai \u00eenalte standarde de via\u021b\u0103 \u00een cea mai nou\u0103 ad\u0103ugare la portofoliul reziden\u021bial One &#8211; cartierul<\/p>\n","protected":false},"featured_media":36050,"template":"","meta":[],"product_brand":[],"product_cat":[2349,2352],"product_tag":[2356],"class_list":{"0":"post-35956","1":"product","2":"type-product","3":"status-publish","4":"has-post-thumbnail","6":"product_cat-imobiliare","7":"product_cat-interior-design","8":"product_tag-real-estate-luxury-properties-luxury-design-best-investment","10":"first","11":"instock","12":"taxable","13":"shipping-taxable","14":"product-type-simple"},"_links":{"self":[{"href":"https:\/\/ge.managedwp.agency\/imobiliare\/wp-json\/wp\/v2\/product\/35956","targetHints":{"allow":["GET"]}}],"collection":[{"href":"https:\/\/ge.managedwp.agency\/imobiliare\/wp-json\/wp\/v2\/product"}],"about":[{"href":"https:\/\/ge.managedwp.agency\/imobiliare\/wp-json\/wp\/v2\/types\/product"}],"version-history":[{"count":1,"href":"https:\/\/ge.managedwp.agency\/imobiliare\/wp-json\/wp\/v2\/product\/35956\/revisions"}],"predecessor-version":[{"id":36051,"href":"https:\/\/ge.managedwp.agency\/imobiliare\/wp-json\/wp\/v2\/product\/35956\/revisions\/36051"}],"wp:featuredmedia":[{"embeddable":true,"href":"https:\/\/ge.managedwp.agency\/imobiliare\/wp-json\/wp\/v2\/media\/36050"}],"wp:attachment":[{"href":"https:\/\/ge.managedwp.agency\/imobiliare\/wp-json\/wp\/v2\/media?parent=35956"}],"wp:term":[{"taxonomy":"product_brand","embeddable":true,"href":"https:\/\/ge.managedwp.agency\/imobiliare\/wp-json\/wp\/v2\/product_brand?post=35956"},{"taxonomy":"product_cat","embeddable":true,"href":"https:\/\/ge.managedwp.agency\/imobiliare\/wp-json\/wp\/v2\/product_cat?post=35956"},{"taxonomy":"product_tag","embeddable":true,"href":"https:\/\/ge.managedwp.agency\/imobiliare\/wp-json\/wp\/v2\/product_tag?post=35956"}],"curies":[{"name":"wp","href":"https:\/\/api.w.org\/{rel}","templated":true}]}}