{"id":36232,"date":"2026-03-16T10:41:55","date_gmt":"2026-03-16T10:41:55","guid":{"rendered":"https:\/\/ge.managedwp.agency\/imobiliare\/?page_id=36232"},"modified":"2026-03-16T10:46:37","modified_gmt":"2026-03-16T10:46:37","slug":"cadastru","status":"publish","type":"page","link":"https:\/\/ge.managedwp.agency\/imobiliare\/cadastru\/","title":{"rendered":"Cadastru \/ Intabulare"},"content":{"rendered":"\t\t<div data-elementor-type=\"wp-page\" data-elementor-id=\"36232\" class=\"elementor elementor-36232\" data-elementor-post-type=\"page\">\n\t\t\t\t\t\t<section class=\"wd-negative-gap elementor-section elementor-top-section elementor-element elementor-element-6689f5ae wd-section-stretch elementor-section-boxed elementor-section-height-default elementor-section-height-default\" data-id=\"6689f5ae\" data-element_type=\"section\" data-e-type=\"section\" data-settings=\"{&quot;background_background&quot;:&quot;classic&quot;}\">\n\t\t\t\t\t\t\t<div class=\"elementor-background-overlay\"><\/div>\n\t\t\t\t\t\t\t<div class=\"elementor-container elementor-column-gap-no\">\n\t\t\t\t\t<div class=\"elementor-column elementor-col-100 elementor-top-column elementor-element elementor-element-39213fb9\" data-id=\"39213fb9\" data-element_type=\"column\" data-e-type=\"column\">\n\t\t\t<div class=\"elementor-widget-wrap elementor-element-populated\">\n\t\t\t\t\t\t<div class=\"elementor-element elementor-element-ce7303a wd-width-100 elementor-widget elementor-widget-wd_title\" data-id=\"ce7303a\" data-element_type=\"widget\" data-e-type=\"widget\" data-widget_type=\"wd_title.default\">\n\t\t\t\t<div class=\"elementor-widget-container\">\n\t\t\t\t\t\t\t<div class=\"title-wrapper wd-set-mb reset-last-child wd-title-color-white wd-title-style-default wd-title-size-extra-large text-center\">\n\n\t\t\t\n\t\t\t<div class=\"liner-continer\">\n\t\t\t\t<h4 class=\"woodmart-title-container title wd-fontsize-xxxl\">Cadastru\/Intabulare<\/h4> \n\t\t\t\t\t\t\t<\/div>\n\n\t\t\t\t\t\t\t<div class=\"title-after_title reset-last-child wd-fontsize-s\">\n\t\t\t\t\t<p>Solutii imobiliare<\/p>\t\t\t\t<\/div>\n\t\t\t\t\t<\/div>\n\t\t\t\t\t\t<\/div>\n\t\t\t\t<\/div>\n\t\t\t\t<div class=\"elementor-element elementor-element-4e88881d elementor-widget__width-auto elementor-widget elementor-widget-wd_button\" data-id=\"4e88881d\" data-element_type=\"widget\" data-e-type=\"widget\" data-widget_type=\"wd_button.default\">\n\t\t\t\t<div class=\"elementor-widget-container\">\n\t\t\t\t\t\t\t<div class=\"wd-button-wrapper text-center wd-smooth-scroll\"  data-smooth-time=\"500\" data-smooth-offset=\"200\">\n\t\t\t<a class=\"btn btn-style-bordered btn-shape-rectangle btn-size-default btn-color-white btn-icon-pos-right\"  href=\"#detalii\">\n\t\t\t\t<span class=\"wd-btn-text\" data-elementor-setting-key=\"text\">\n\t\t\t\t\tDetalii\t\t\t\t<\/span>\n\n\t\t\t\t\t\t\t<\/a>\n\t\t<\/div>\n\t\t\t\t\t\t<\/div>\n\t\t\t\t<\/div>\n\t\t\t\t\t<\/div>\n\t\t<\/div>\n\t\t\t\t\t<\/div>\n\t\t<\/section>\n\t\t<div class=\"elementor-element elementor-element-7e14853a e-flex e-con-boxed e-con e-parent\" data-id=\"7e14853a\" data-element_type=\"container\" data-e-type=\"container\" id=\"detalii\">\n\t\t\t\t\t<div class=\"e-con-inner\">\n\t\t<div class=\"elementor-element elementor-element-7e2c7dfe e-con-full e-flex e-con e-child\" data-id=\"7e2c7dfe\" data-element_type=\"container\" data-e-type=\"container\">\n\t\t\t\t<div class=\"elementor-element elementor-element-1492c6f0 wd-width-100 elementor-widget elementor-widget-wd_title\" data-id=\"1492c6f0\" data-element_type=\"widget\" data-e-type=\"widget\" data-widget_type=\"wd_title.default\">\n\t\t\t\t<div class=\"elementor-widget-container\">\n\t\t\t\t\t\t\t<div class=\"title-wrapper wd-set-mb reset-last-child wd-title-color-default wd-title-style-default wd-title-size-default text-center\">\n\n\t\t\t\n\t\t\t<div class=\"liner-continer\">\n\t\t\t\t<h4 class=\"woodmart-title-container title wd-fontsize-l\">Cadastrul este sistemul unitar \u0219i obligatoriu de eviden\u021b\u0103 tehnic\u0103, economic\u0103 \u0219i juridic\u0103 a tuturor imobilelor de pe un teritoriu administrativ. <\/h4> \n\t\t\t\t\t\t\t<\/div>\n\n\t\t\t\t\t\t\t<div class=\"title-after_title reset-last-child wd-fontsize-xs\">\n\t\t\t\t\t<p>Entit\u0103\u021bile de baz\u0103 ale acestui sistem sunt parcela, construc\u021bia \u0219i proprietarul. Sistemul de eviden\u021b\u0103 al cadastrului are ca finalitate \u00eenscrierea \u00een registrul de publicitate imobiliar\u0103. (Cadastrul general este sistemul de eviden\u021b\u0103 al imobilelor de pe \u00eentreg teritoriul \u021b\u0103rii.)<\/p>\t\t\t\t<\/div>\n\t\t\t\t\t<\/div>\n\t\t\t\t\t\t<\/div>\n\t\t\t\t<\/div>\n\t\t\t\t<\/div>\n\t\t\t\t\t<\/div>\n\t\t\t\t<\/div>\n\t\t<div class=\"elementor-element elementor-element-1983ae8f e-flex e-con-boxed e-con e-parent\" data-id=\"1983ae8f\" data-element_type=\"container\" data-e-type=\"container\">\n\t\t\t\t\t<div class=\"e-con-inner\">\n\t\t<div class=\"elementor-element elementor-element-2013ac49 e-con-full e-flex e-con e-child\" data-id=\"2013ac49\" data-element_type=\"container\" data-e-type=\"container\">\n\t\t\t\t<div class=\"elementor-element elementor-element-4f857c87 elementor-widget elementor-widget-wd_infobox\" data-id=\"4f857c87\" data-element_type=\"widget\" data-e-type=\"widget\" data-widget_type=\"wd_infobox.default\">\n\t\t\t\t<div class=\"elementor-widget-container\">\n\t\t\t\t\t\t\t<div class=\"info-box-wrapper\">\n\t\t\t<div class=\"wd-info-box text-center box-icon-align-top box-style-base color-scheme-\">\n\t\t\t\t\t\t\t\t\t<div class=\"box-icon-wrapper  box-with-text text-size-default box-icon-simple\">\n\t\t\t\t\t\t<div class=\"info-box-icon\">\n\t\t\t\t\t\t\t\t\t\t\t\t\t\t\t1\t\t\t\t\t\t\t\t\t\t\t\t\t<\/div>\n\t\t\t\t\t<\/div>\n\t\t\t\t\n\t\t\t\t<div class=\"info-box-content\">\n\t\t\t\t\t\n\t\t\t\t\t\t\t\t\t\t\t<h4\t\t\t\t\t\tclass=\"info-box-title title box-title-style-default wd-fontsize-m\" data-elementor-setting-key=\"title\">\n\t\t\t\t\t\t\t\tFunc\u021bia tehnic\u0103 a cadastrului\t\t\t\t\t\t<\/h4>\n\t\t\t\t\t\n\t\t\t\t\t<div class=\"info-box-inner reset-last-child\"data-elementor-setting-key=\"content\"><p>se realizeaz\u0103 prin determinarea, pe baz\u0103 de m\u0103sur\u0103tori, a pozi\u021biei configura\u021biei \u0219i m\u0103rimii suprafe\u021belor parcelelor si construc\u021biilor pe destina\u021bii, categorii de folosin\u021b\u0103 \u0219i pe proprietari.<\/p>\n<\/div>\n\n\t\t\t\t\t\t\t\t\t<\/div>\n\n\t\t\t\t\t\t\t<\/div>\n\t\t<\/div>\n\t\t\t\t\t\t<\/div>\n\t\t\t\t<\/div>\n\t\t\t\t<\/div>\n\t\t<div class=\"elementor-element elementor-element-62d1d74a e-con-full e-flex e-con e-child\" data-id=\"62d1d74a\" data-element_type=\"container\" data-e-type=\"container\">\n\t\t\t\t<div class=\"elementor-element elementor-element-4c589fed elementor-widget elementor-widget-wd_infobox\" data-id=\"4c589fed\" data-element_type=\"widget\" data-e-type=\"widget\" data-widget_type=\"wd_infobox.default\">\n\t\t\t\t<div class=\"elementor-widget-container\">\n\t\t\t\t\t\t\t<div class=\"info-box-wrapper\">\n\t\t\t<div class=\"wd-info-box text-center box-icon-align-top box-style-base color-scheme-\">\n\t\t\t\t\t\t\t\t\t<div class=\"box-icon-wrapper  box-with-text text-size-default box-icon-simple\">\n\t\t\t\t\t\t<div class=\"info-box-icon\">\n\t\t\t\t\t\t\t\t\t\t\t\t\t\t\t2\t\t\t\t\t\t\t\t\t\t\t\t\t<\/div>\n\t\t\t\t\t<\/div>\n\t\t\t\t\n\t\t\t\t<div class=\"info-box-content\">\n\t\t\t\t\t\n\t\t\t\t\t\t\t\t\t\t\t<h4\t\t\t\t\t\tclass=\"info-box-title title box-title-style-default wd-fontsize-m\" data-elementor-setting-key=\"title\">\n\t\t\t\t\t\t\t\tFunc\u021bia economic\u0103\t\t\t\t\t\t<\/h4>\n\t\t\t\t\t\n\t\t\t\t\t<div class=\"info-box-inner reset-last-child\"data-elementor-setting-key=\"content\"><p>eviden\u021biaz\u0103 elementele tehnice necesare stabilirii valorii de impozitare a imobilelor \u0219i calcul\u0103rii impozitelor asupra veniturilor realizate din tranzac\u021bii imobiliare.<\/p>\n<\/div>\n\n\t\t\t\t\t\t\t\t\t<\/div>\n\n\t\t\t\t\t\t\t<\/div>\n\t\t<\/div>\n\t\t\t\t\t\t<\/div>\n\t\t\t\t<\/div>\n\t\t\t\t<\/div>\n\t\t<div class=\"elementor-element elementor-element-3bf1bc05 e-con-full e-flex e-con e-child\" data-id=\"3bf1bc05\" data-element_type=\"container\" data-e-type=\"container\">\n\t\t\t\t<div class=\"elementor-element elementor-element-32e4e338 elementor-widget elementor-widget-wd_infobox\" data-id=\"32e4e338\" data-element_type=\"widget\" data-e-type=\"widget\" data-widget_type=\"wd_infobox.default\">\n\t\t\t\t<div class=\"elementor-widget-container\">\n\t\t\t\t\t\t\t<div class=\"info-box-wrapper\">\n\t\t\t<div class=\"wd-info-box text-center box-icon-align-top box-style-base color-scheme-\">\n\t\t\t\t\t\t\t\t\t<div class=\"box-icon-wrapper  box-with-text text-size-default box-icon-simple\">\n\t\t\t\t\t\t<div class=\"info-box-icon\">\n\t\t\t\t\t\t\t\t\t\t\t\t\t\t\t3\t\t\t\t\t\t\t\t\t\t\t\t\t<\/div>\n\t\t\t\t\t<\/div>\n\t\t\t\t\n\t\t\t\t<div class=\"info-box-content\">\n\t\t\t\t\t\n\t\t\t\t\t\t\t\t\t\t\t<h4\t\t\t\t\t\tclass=\"info-box-title title box-title-style-default wd-fontsize-m\" data-elementor-setting-key=\"title\">\n\t\t\t\t\t\t\t\tFunc\u021bia juridic\u0103\t\t\t\t\t\t<\/h4>\n\t\t\t\t\t\n\t\t\t\t\t<div class=\"info-box-inner reset-last-child\"data-elementor-setting-key=\"content\"><p>se realizeaz\u0103 prin identificarea proprietarului pe baza actului de proprietate \u0219i prin \u00eenscrierea \u00een cartea funciar\u0103<\/p>\n<\/div>\n\n\t\t\t\t\t\t\t\t\t<\/div>\n\n\t\t\t\t\t\t\t<\/div>\n\t\t<\/div>\n\t\t\t\t\t\t<\/div>\n\t\t\t\t<\/div>\n\t\t\t\t<\/div>\n\t\t<div class=\"elementor-element elementor-element-2b1ddb1c e-con-full e-flex e-con e-child\" data-id=\"2b1ddb1c\" data-element_type=\"container\" data-e-type=\"container\">\n\t\t\t\t<div class=\"elementor-element elementor-element-42116b87 elementor-widget elementor-widget-wd_infobox\" data-id=\"42116b87\" data-element_type=\"widget\" data-e-type=\"widget\" data-widget_type=\"wd_infobox.default\">\n\t\t\t\t<div class=\"elementor-widget-container\">\n\t\t\t\t\t\t\t<div class=\"info-box-wrapper\">\n\t\t\t<div class=\"wd-info-box text-center box-icon-align-top box-style-base color-scheme-\">\n\t\t\t\t\t\t\t\t\t<div class=\"box-icon-wrapper  box-with-text text-size-default box-icon-simple\">\n\t\t\t\t\t\t<div class=\"info-box-icon\">\n\t\t\t\t\t\t\t\t\t\t\t\t\t\t\t4\t\t\t\t\t\t\t\t\t\t\t\t\t<\/div>\n\t\t\t\t\t<\/div>\n\t\t\t\t\n\t\t\t\t<div class=\"info-box-content\">\n\t\t\t\t\t\n\t\t\t\t\t\t\t\t\t\t\t<h4\t\t\t\t\t\tclass=\"info-box-title title box-title-style-default wd-fontsize-m\" data-elementor-setting-key=\"title\">\n\t\t\t\t\t\t\t\tPublicitatea imobiliar\u0103\t\t\t\t\t\t<\/h4>\n\t\t\t\t\t\n\t\t\t\t\t<div class=\"info-box-inner reset-last-child\"data-elementor-setting-key=\"content\"><p>are ca obiect \u00eenscrierea \u00een cartea funciar\u0103 a actelor \u0219i faptelor juridice referitoare la imobilele din acela\u0219i teritoriu administrativ \u0219i se realizeaz\u0103 de c\u0103tre oficiile teritoriale(O.C.P.I.) pentru imobilele situate \u00een raza de activitate a acestora.<\/p>\n<\/div>\n\n\t\t\t\t\t\t\t\t\t<\/div>\n\n\t\t\t\t\t\t\t<\/div>\n\t\t<\/div>\n\t\t\t\t\t\t<\/div>\n\t\t\t\t<\/div>\n\t\t\t\t<\/div>\n\t\t\t\t\t<\/div>\n\t\t\t\t<\/div>\n\t\t<div class=\"elementor-element elementor-element-42cce274 wd-section-stretch e-flex e-con-boxed e-con e-parent\" data-id=\"42cce274\" data-element_type=\"container\" data-e-type=\"container\" data-settings=\"{&quot;background_background&quot;:&quot;classic&quot;}\">\n\t\t\t\t\t<div class=\"e-con-inner\">\n\t\t<div class=\"elementor-element elementor-element-2ea1ecd7 e-con-full e-flex e-con e-child\" data-id=\"2ea1ecd7\" data-element_type=\"container\" data-e-type=\"container\">\n\t\t\t\t<div class=\"elementor-element elementor-element-763e7236 elementor-widget__width-initial wd-width-100 elementor-widget elementor-widget-wd_title\" data-id=\"763e7236\" data-element_type=\"widget\" data-e-type=\"widget\" data-widget_type=\"wd_title.default\">\n\t\t\t\t<div class=\"elementor-widget-container\">\n\t\t\t\t\t\t\t<div class=\"title-wrapper wd-set-mb reset-last-child wd-title-color-default wd-title-style-default wd-title-size-default text-center\">\n\n\t\t\t\n\t\t\t<div class=\"liner-continer\">\n\t\t\t\t<h4 class=\"woodmart-title-container title wd-fontsize-l\">Pentru identificarea celor mai bune solutii cadastrale ne puteti contacta, iar o intreaga echipa de profesionisti va va sta la dispozitie imediat cu cele mai bune solutii.<\/h4> \n\t\t\t\t\t\t\t<\/div>\n\n\t\t\t\t\t\t\t<div class=\"title-after_title reset-last-child wd-fontsize-xs\">\n\t\t\t\t\t<p>Cadastrul este sistemul unitar \u0219i obligatoriu de eviden\u021b\u0103 tehnic\u0103, economic\u0103 \u0219i juridic\u0103 a tuturor imobilelor de pe un teritoriu administrativ.<\/p>\t\t\t\t<\/div>\n\t\t\t\t\t<\/div>\n\t\t\t\t\t\t<\/div>\n\t\t\t\t<\/div>\n\t\t\t\t<\/div>\n\t\t\t\t<div class=\"elementor-element elementor-element-4384365 elementor-widget__width-auto elementor-widget elementor-widget-wd_button\" data-id=\"4384365\" data-element_type=\"widget\" data-e-type=\"widget\" data-widget_type=\"wd_button.default\">\n\t\t\t\t<div class=\"elementor-widget-container\">\n\t\t\t\t\t\t\t<div class=\"wd-button-wrapper text-center wd-smooth-scroll\"  data-smooth-time=\"500\" data-smooth-offset=\"200\">\n\t\t\t<a class=\"btn btn-style-default btn-shape-rectangle btn-size-default btn-color-alt btn-icon-pos-right\"  href=\"#contact\">\n\t\t\t\t<span class=\"wd-btn-text\" data-elementor-setting-key=\"text\">\n\t\t\t\t\tContact\t\t\t\t<\/span>\n\n\t\t\t\t\t\t\t<\/a>\n\t\t<\/div>\n\t\t\t\t\t\t<\/div>\n\t\t\t\t<\/div>\n\t\t\t\t\t<\/div>\n\t\t\t\t<\/div>\n\t\t<div class=\"elementor-element elementor-element-7b39d06f e-con-full wd-section-stretch e-flex e-con e-parent\" data-id=\"7b39d06f\" data-element_type=\"container\" data-e-type=\"container\">\n\t\t\t\t<div class=\"elementor-element elementor-element-1b4b2608 elementor-widget__width-initial wd-animation-slide-from-bottom wd-animation-fast wd_delay_100 wd-animation wd-transform elementor-widget elementor-widget-wd_banner\" data-id=\"1b4b2608\" data-element_type=\"widget\" data-e-type=\"widget\" data-widget_type=\"wd_banner.default\">\n\t\t\t\t<div class=\"elementor-widget-container\">\n\t\t\t\t\t\t\t<div class=\"promo-banner-wrapper\">\n\t\t\t<div class=\"promo-banner banner-mask banner-hover-zoom color-scheme-light banner-btn-size-small banner-btn-style-bordered with-btn banner-btn-position-hover wd-with-link\">\n\t\t\t\t<div class=\"main-wrapp-img\">\n\t\t\t\t\t<div class=\"banner-image\">\n\t\t\t\t\t\t\t\t\t\t\t\t\t\t\t\t\t\t\t\t\t<img loading=\"lazy\" decoding=\"async\" width=\"633\" height=\"465\" src=\"https:\/\/ge.managedwp.agency\/imobiliare\/wp-content\/uploads\/sites\/3\/2026\/02\/IMG_6878.jpeg\" class=\"attachment-full size-full\" alt=\"\" srcset=\"https:\/\/ge.managedwp.agency\/imobiliare\/wp-content\/uploads\/sites\/3\/2026\/02\/IMG_6878.jpeg 633w, https:\/\/ge.managedwp.agency\/imobiliare\/wp-content\/uploads\/sites\/3\/2026\/02\/IMG_6878-400x294.jpeg 400w, https:\/\/ge.managedwp.agency\/imobiliare\/wp-content\/uploads\/sites\/3\/2026\/02\/IMG_6878-300x220.jpeg 300w\" sizes=\"auto, (max-width: 633px) 100vw, 633px\" \/>\t\t\t\t\t\t\t\t\t\t\t\t\t\t\t\t\t\t<\/div>\n\t\t\t\t<\/div>\n\n\t\t\t\t<div class=\"wrapper-content-banner wd-fill wd-items-middle wd-justify-center\">\n\t\t\t\t\t<div class=\"content-banner  text-center\">\n\t\t\t\t\t\t\n\t\t\t\t\t\t\t\t\t\t\t\t\t<h4 class=\"banner-title wd-fontsize-xl\" data-elementor-setting-key=\"title\">\n\t\t\t\t\t\t\t\tEvaluari\t\t\t\t\t\t\t<\/h4>\n\t\t\t\t\t\t\n\t\t\t\t\t\t\n\t\t\t\t\t\t\n\t\t\t\t\t\t\t\t\t\t\t\t\t<div class=\"banner-btn-wrapper\">\n\t\t\t\t\t\t\t\t\t\t<div class=\"wd-button-wrapper text-center\" >\n\t\t\t<a class=\"btn btn-style-bordered btn-shape-rectangle btn-size-small btn-color-white btn-icon-pos-right\"  href=\"https:\/\/ge.managedwp.agency\/imobiliare\/evaluari\">\n\t\t\t\t<span class=\"wd-btn-text\" data-elementor-setting-key=\"text\">\n\t\t\t\t\tDetalii\t\t\t\t<\/span>\n\n\t\t\t\t\t\t\t<\/a>\n\t\t<\/div>\n\t\t\t\t\t\t\t\t\t<\/div>\n\t\t\t\t\t\t\t\t\t\t\t<\/div>\n\t\t\t\t<\/div>\n\n\t\t\t\t\t\t\t\t\t<a href=\"https:\/\/ge.managedwp.agency\/imobiliare\/evaluari\" class=\"wd-promo-banner-link wd-fill\" aria-label=\"Banner link\"><\/a>\n\t\t\t\t\t\t\t<\/div>\n\t\t<\/div>\n\t\t\t\t\t\t<\/div>\n\t\t\t\t<\/div>\n\t\t\t\t<div class=\"elementor-element elementor-element-6dae93d7 elementor-widget__width-initial wd-animation-slide-from-bottom wd-animation-fast wd_delay_200 wd-animation wd-transform elementor-widget elementor-widget-wd_banner\" data-id=\"6dae93d7\" data-element_type=\"widget\" data-e-type=\"widget\" data-widget_type=\"wd_banner.default\">\n\t\t\t\t<div class=\"elementor-widget-container\">\n\t\t\t\t\t\t\t<div class=\"promo-banner-wrapper\">\n\t\t\t<div class=\"promo-banner banner-mask banner-hover-zoom color-scheme-light banner-btn-size-small banner-btn-style-bordered with-btn banner-btn-position-hover wd-with-link\">\n\t\t\t\t<div class=\"main-wrapp-img\">\n\t\t\t\t\t<div class=\"banner-image\">\n\t\t\t\t\t\t\t\t\t\t\t\t\t\t\t\t\t\t\t\t\t<img loading=\"lazy\" decoding=\"async\" width=\"1024\" height=\"768\" src=\"https:\/\/ge.managedwp.agency\/imobiliare\/wp-content\/uploads\/sites\/3\/2026\/02\/PHOTO-2023-12-09-15-48-52.jpg\" class=\"attachment-full size-full\" alt=\"\" srcset=\"https:\/\/ge.managedwp.agency\/imobiliare\/wp-content\/uploads\/sites\/3\/2026\/02\/PHOTO-2023-12-09-15-48-52.jpg 1024w, https:\/\/ge.managedwp.agency\/imobiliare\/wp-content\/uploads\/sites\/3\/2026\/02\/PHOTO-2023-12-09-15-48-52-400x300.jpg 400w, https:\/\/ge.managedwp.agency\/imobiliare\/wp-content\/uploads\/sites\/3\/2026\/02\/PHOTO-2023-12-09-15-48-52-768x576.jpg 768w, https:\/\/ge.managedwp.agency\/imobiliare\/wp-content\/uploads\/sites\/3\/2026\/02\/PHOTO-2023-12-09-15-48-52-1000x750.jpg 1000w, https:\/\/ge.managedwp.agency\/imobiliare\/wp-content\/uploads\/sites\/3\/2026\/02\/PHOTO-2023-12-09-15-48-52-300x225.jpg 300w\" sizes=\"auto, (max-width: 1024px) 100vw, 1024px\" \/>\t\t\t\t\t\t\t\t\t\t\t\t\t\t\t\t\t\t<\/div>\n\t\t\t\t<\/div>\n\n\t\t\t\t<div class=\"wrapper-content-banner wd-fill wd-items-middle wd-justify-center\">\n\t\t\t\t\t<div class=\"content-banner  text-center\">\n\t\t\t\t\t\t\n\t\t\t\t\t\t\t\t\t\t\t\t\t<h4 class=\"banner-title wd-fontsize-xl\" data-elementor-setting-key=\"title\">\n\t\t\t\t\t\t\t\tImobile de vanzare\t\t\t\t\t\t\t<\/h4>\n\t\t\t\t\t\t\n\t\t\t\t\t\t\n\t\t\t\t\t\t\n\t\t\t\t\t\t\t\t\t\t\t\t\t<div class=\"banner-btn-wrapper\">\n\t\t\t\t\t\t\t\t\t\t<div class=\"wd-button-wrapper text-center\" >\n\t\t\t<a class=\"btn btn-style-bordered btn-shape-rectangle btn-size-small btn-color-white btn-icon-pos-right\"  href=\"https:\/\/ge.managedwp.agency\/imobiliare\/imobile-de-vanzare\">\n\t\t\t\t<span class=\"wd-btn-text\" data-elementor-setting-key=\"text\">\n\t\t\t\t\tDetalii\t\t\t\t<\/span>\n\n\t\t\t\t\t\t\t<\/a>\n\t\t<\/div>\n\t\t\t\t\t\t\t\t\t<\/div>\n\t\t\t\t\t\t\t\t\t\t\t<\/div>\n\t\t\t\t<\/div>\n\n\t\t\t\t\t\t\t\t\t<a href=\"https:\/\/ge.managedwp.agency\/imobiliare\/imobile-de-vanzare\" class=\"wd-promo-banner-link wd-fill\" aria-label=\"Banner link\"><\/a>\n\t\t\t\t\t\t\t<\/div>\n\t\t<\/div>\n\t\t\t\t\t\t<\/div>\n\t\t\t\t<\/div>\n\t\t\t\t<div class=\"elementor-element elementor-element-6430b2d7 elementor-widget__width-initial wd-animation-slide-from-bottom wd-animation-fast wd_delay_200 wd-animation wd-transform elementor-widget elementor-widget-wd_banner\" data-id=\"6430b2d7\" data-element_type=\"widget\" data-e-type=\"widget\" data-widget_type=\"wd_banner.default\">\n\t\t\t\t<div class=\"elementor-widget-container\">\n\t\t\t\t\t\t\t<div class=\"promo-banner-wrapper\">\n\t\t\t<div class=\"promo-banner banner-mask banner-hover-zoom color-scheme-light banner-btn-size-small banner-btn-style-bordered with-btn banner-btn-position-hover wd-with-link\">\n\t\t\t\t<div class=\"main-wrapp-img\">\n\t\t\t\t\t<div class=\"banner-image\">\n\t\t\t\t\t\t\t\t\t\t\t\t\t\t\t\t\t\t\t\t\t<img loading=\"lazy\" decoding=\"async\" width=\"1600\" height=\"900\" src=\"https:\/\/ge.managedwp.agency\/imobiliare\/wp-content\/uploads\/sites\/3\/2026\/03\/2xb1csek8as.jpg\" class=\"attachment-full size-full\" alt=\"A happy family of three sitting on a couch.\" srcset=\"https:\/\/ge.managedwp.agency\/imobiliare\/wp-content\/uploads\/sites\/3\/2026\/03\/2xb1csek8as.jpg 1600w, https:\/\/ge.managedwp.agency\/imobiliare\/wp-content\/uploads\/sites\/3\/2026\/03\/2xb1csek8as-400x225.jpg 400w, https:\/\/ge.managedwp.agency\/imobiliare\/wp-content\/uploads\/sites\/3\/2026\/03\/2xb1csek8as-1300x731.jpg 1300w, https:\/\/ge.managedwp.agency\/imobiliare\/wp-content\/uploads\/sites\/3\/2026\/03\/2xb1csek8as-768x432.jpg 768w, https:\/\/ge.managedwp.agency\/imobiliare\/wp-content\/uploads\/sites\/3\/2026\/03\/2xb1csek8as-1536x864.jpg 1536w, https:\/\/ge.managedwp.agency\/imobiliare\/wp-content\/uploads\/sites\/3\/2026\/03\/2xb1csek8as-1000x563.jpg 1000w, https:\/\/ge.managedwp.agency\/imobiliare\/wp-content\/uploads\/sites\/3\/2026\/03\/2xb1csek8as-300x169.jpg 300w\" sizes=\"auto, (max-width: 1600px) 100vw, 1600px\" \/>\t\t\t\t\t\t\t\t\t\t\t\t\t\t\t\t\t\t<\/div>\n\t\t\t\t<\/div>\n\n\t\t\t\t<div class=\"wrapper-content-banner wd-fill wd-items-middle wd-justify-center\">\n\t\t\t\t\t<div class=\"content-banner  text-center\">\n\t\t\t\t\t\t\n\t\t\t\t\t\t\t\t\t\t\t\t\t<h4 class=\"banner-title wd-fontsize-xl\" data-elementor-setting-key=\"title\">\n\t\t\t\t\t\t\t\tCertificat energetic\t\t\t\t\t\t\t<\/h4>\n\t\t\t\t\t\t\n\t\t\t\t\t\t\n\t\t\t\t\t\t\n\t\t\t\t\t\t\t\t\t\t\t\t\t<div class=\"banner-btn-wrapper\">\n\t\t\t\t\t\t\t\t\t\t<div class=\"wd-button-wrapper text-center\" >\n\t\t\t<a class=\"btn btn-style-bordered btn-shape-rectangle btn-size-small btn-color-white btn-icon-pos-right\"  href=\"https:\/\/ge.managedwp.agency\/imobiliare\/certificate-energetice\">\n\t\t\t\t<span class=\"wd-btn-text\" data-elementor-setting-key=\"text\">\n\t\t\t\t\tDetalii\t\t\t\t<\/span>\n\n\t\t\t\t\t\t\t<\/a>\n\t\t<\/div>\n\t\t\t\t\t\t\t\t\t<\/div>\n\t\t\t\t\t\t\t\t\t\t\t<\/div>\n\t\t\t\t<\/div>\n\n\t\t\t\t\t\t\t\t\t<a href=\"https:\/\/ge.managedwp.agency\/imobiliare\/certificate-energetice\" class=\"wd-promo-banner-link wd-fill\" aria-label=\"Banner link\"><\/a>\n\t\t\t\t\t\t\t<\/div>\n\t\t<\/div>\n\t\t\t\t\t\t<\/div>\n\t\t\t\t<\/div>\n\t\t\t\t<div class=\"elementor-element elementor-element-44f2032e elementor-widget__width-initial wd-animation-slide-from-bottom wd-animation-fast wd_delay_300 wd-animation wd-transform elementor-widget elementor-widget-wd_banner\" data-id=\"44f2032e\" data-element_type=\"widget\" data-e-type=\"widget\" data-widget_type=\"wd_banner.default\">\n\t\t\t\t<div class=\"elementor-widget-container\">\n\t\t\t\t\t\t\t<div class=\"promo-banner-wrapper\">\n\t\t\t<div class=\"promo-banner banner-mask banner-hover-zoom color-scheme-light banner-btn-size-small banner-btn-style-bordered with-btn banner-btn-position-hover wd-with-link\">\n\t\t\t\t<div class=\"main-wrapp-img\">\n\t\t\t\t\t<div class=\"banner-image\">\n\t\t\t\t\t\t\t\t\t\t\t\t\t\t\t\t\t\t\t\t\t<img loading=\"lazy\" decoding=\"async\" width=\"566\" height=\"580\" src=\"https:\/\/ge.managedwp.agency\/imobiliare\/wp-content\/uploads\/sites\/3\/2026\/02\/wood-layout-img-2.jpg\" class=\"attachment-full size-full\" alt=\"\" srcset=\"https:\/\/ge.managedwp.agency\/imobiliare\/wp-content\/uploads\/sites\/3\/2026\/02\/wood-layout-img-2.jpg 566w, https:\/\/ge.managedwp.agency\/imobiliare\/wp-content\/uploads\/sites\/3\/2026\/02\/wood-layout-img-2-293x300.jpg 293w, https:\/\/ge.managedwp.agency\/imobiliare\/wp-content\/uploads\/sites\/3\/2026\/02\/wood-layout-img-2-300x307.jpg 300w\" sizes=\"auto, (max-width: 566px) 100vw, 566px\" \/>\t\t\t\t\t\t\t\t\t\t\t\t\t\t\t\t\t\t<\/div>\n\t\t\t\t<\/div>\n\n\t\t\t\t<div class=\"wrapper-content-banner wd-fill wd-items-middle wd-justify-center\">\n\t\t\t\t\t<div class=\"content-banner  text-center\">\n\t\t\t\t\t\t\n\t\t\t\t\t\t\t\t\t\t\t\t\t<h4 class=\"banner-title wd-fontsize-xl\" data-elementor-setting-key=\"title\">\n\t\t\t\t\t\t\t\tCadastru\t\t\t\t\t\t\t<\/h4>\n\t\t\t\t\t\t\n\t\t\t\t\t\t\n\t\t\t\t\t\t\n\t\t\t\t\t\t\t\t\t\t\t\t\t<div class=\"banner-btn-wrapper\">\n\t\t\t\t\t\t\t\t\t\t<div class=\"wd-button-wrapper text-center\" >\n\t\t\t<a class=\"btn btn-style-bordered btn-shape-rectangle btn-size-small btn-color-white btn-icon-pos-right\"  href=\"https:\/\/ge.managedwp.agency\/imobiliare\/cadastru\">\n\t\t\t\t<span class=\"wd-btn-text\" data-elementor-setting-key=\"text\">\n\t\t\t\t\tDetalii\t\t\t\t<\/span>\n\n\t\t\t\t\t\t\t<\/a>\n\t\t<\/div>\n\t\t\t\t\t\t\t\t\t<\/div>\n\t\t\t\t\t\t\t\t\t\t\t<\/div>\n\t\t\t\t<\/div>\n\n\t\t\t\t\t\t\t\t\t<a href=\"https:\/\/ge.managedwp.agency\/imobiliare\/cadastru\" class=\"wd-promo-banner-link wd-fill\" aria-label=\"Banner link\"><\/a>\n\t\t\t\t\t\t\t<\/div>\n\t\t<\/div>\n\t\t\t\t\t\t<\/div>\n\t\t\t\t<\/div>\n\t\t\t\t<\/div>\n\t\t\t\t<\/div>\n\t\t","protected":false},"excerpt":{"rendered":"<p>Cadastru\/Intabulare Solutii imobiliare Detalii Cadastrul este sistemul unitar \u0219i obligatoriu de eviden\u021b\u0103 tehnic\u0103, economic\u0103 \u0219i juridic\u0103 a tuturor imobilelor de<\/p>\n","protected":false},"author":1,"featured_media":0,"parent":0,"menu_order":0,"comment_status":"closed","ping_status":"closed","template":"","meta":{"footnotes":""},"class_list":["post-36232","page","type-page","status-publish","hentry"],"_links":{"self":[{"href":"https:\/\/ge.managedwp.agency\/imobiliare\/wp-json\/wp\/v2\/pages\/36232","targetHints":{"allow":["GET"]}}],"collection":[{"href":"https:\/\/ge.managedwp.agency\/imobiliare\/wp-json\/wp\/v2\/pages"}],"about":[{"href":"https:\/\/ge.managedwp.agency\/imobiliare\/wp-json\/wp\/v2\/types\/page"}],"author":[{"embeddable":true,"href":"https:\/\/ge.managedwp.agency\/imobiliare\/wp-json\/wp\/v2\/users\/1"}],"replies":[{"embeddable":true,"href":"https:\/\/ge.managedwp.agency\/imobiliare\/wp-json\/wp\/v2\/comments?post=36232"}],"version-history":[{"count":7,"href":"https:\/\/ge.managedwp.agency\/imobiliare\/wp-json\/wp\/v2\/pages\/36232\/revisions"}],"predecessor-version":[{"id":36240,"href":"https:\/\/ge.managedwp.agency\/imobiliare\/wp-json\/wp\/v2\/pages\/36232\/revisions\/36240"}],"wp:attachment":[{"href":"https:\/\/ge.managedwp.agency\/imobiliare\/wp-json\/wp\/v2\/media?parent=36232"}],"curies":[{"name":"wp","href":"https:\/\/api.w.org\/{rel}","templated":true}]}}