{"id":8907,"date":"2026-03-23T09:14:20","date_gmt":"2026-03-23T07:14:20","guid":{"rendered":"https:\/\/ge.managedwp.agency\/?page_id=8907"},"modified":"2026-03-23T10:09:55","modified_gmt":"2026-03-23T08:09:55","slug":"dictionar-financiar-bancar","status":"publish","type":"page","link":"https:\/\/ge.managedwp.agency\/en\/dictionar-financiar-bancar\/","title":{"rendered":"Dic\u0163ionarul\u00a0financiar Global Expert Solutions"},"content":{"rendered":"<div data-elementor-type=\"wp-page\" data-elementor-id=\"8907\" class=\"elementor elementor-8907\" data-elementor-post-type=\"page\">\n\t\t\t\t\t\t<section class=\"wd-negative-gap elementor-section elementor-top-section elementor-element elementor-element-5d3b6a4c wd-section-stretch elementor-section-boxed elementor-section-height-default elementor-section-height-default\" data-id=\"5d3b6a4c\" data-element_type=\"section\" data-e-type=\"section\" data-settings=\"{&quot;background_background&quot;:&quot;classic&quot;}\">\n\t\t\t\t\t\t\t<div class=\"elementor-background-overlay\"><\/div>\n\t\t\t\t\t\t\t<div class=\"elementor-container elementor-column-gap-no\">\n\t\t\t\t\t<div class=\"elementor-column elementor-col-100 elementor-top-column elementor-element elementor-element-2648ad61\" data-id=\"2648ad61\" data-element_type=\"column\" data-e-type=\"column\">\n\t\t\t<div class=\"elementor-widget-wrap elementor-element-populated\">\n\t\t\t\t\t\t<div class=\"elementor-element elementor-element-36fd1210 wd-width-100 elementor-widget elementor-widget-wd_title\" data-id=\"36fd1210\" data-element_type=\"widget\" data-e-type=\"widget\" data-widget_type=\"wd_title.default\">\n\t\t\t\t<div class=\"elementor-widget-container\">\n\t\t\t\t\t\t\t<div class=\"title-wrapper wd-set-mb reset-last-child wd-title-color-white wd-title-style-default wd-title-size-extra-large text-center\">\n\n\t\t\t\n\t\t\t<div class=\"liner-continer\">\n\t\t\t\t<h4 class=\"woodmart-title-container title wd-fontsize-xxxl\">Dic\u0163ionarul financiar <\/h4> \n\t\t\t\t\t\t\t<\/div>\n\n\t\t\t\t\t\t\t<div class=\"title-after_title reset-last-child wd-fontsize-s\">\n\t\t\t\t\t<p>Global Expert Solutions<\/p>\t\t\t\t<\/div>\n\t\t\t\t\t<\/div>\n\t\t\t\t\t\t<\/div>\n\t\t\t\t<\/div>\n\t\t\t\t<div class=\"elementor-element elementor-element-7047d21b elementor-widget__width-auto elementor-widget elementor-widget-wd_button\" data-id=\"7047d21b\" data-element_type=\"widget\" data-e-type=\"widget\" data-widget_type=\"wd_button.default\">\n\t\t\t\t<div class=\"elementor-widget-container\">\n\t\t\t\t\t\t\t<div class=\"wd-button-wrapper text-center wd-smooth-scroll\"  data-smooth-time=\"500\" data-smooth-offset=\"200\">\n\t\t\t<a class=\"btn btn-style-bordered btn-shape-rectangle btn-size-default btn-color-white btn-icon-pos-right\"  href=\"#detalii\">\n\t\t\t\t<span class=\"wd-btn-text\" data-elementor-setting-key=\"text\">\n\t\t\t\t\tDetalii\t\t\t\t<\/span>\n\n\t\t\t\t\t\t\t<\/a>\n\t\t<\/div>\n\t\t\t\t\t\t<\/div>\n\t\t\t\t<\/div>\n\t\t\t\t\t<\/div>\n\t\t<\/div>\n\t\t\t\t\t<\/div>\n\t\t<\/section>\n\t\t<div class=\"elementor-element elementor-element-102b39fb wd-section-stretch e-flex e-con-boxed e-con e-parent\" data-id=\"102b39fb\" data-element_type=\"container\" data-e-type=\"container\" id=\"detalii\" data-settings=\"{&quot;background_background&quot;:&quot;classic&quot;}\">\n\t\t\t\t\t<div class=\"e-con-inner\">\n\t\t<div class=\"elementor-element elementor-element-4f82aa8 e-con-full e-flex e-con e-child\" data-id=\"4f82aa8\" data-element_type=\"container\" data-e-type=\"container\">\n\t\t\t\t<div class=\"elementor-element elementor-element-410dd101 elementor-widget__width-initial wd-width-100 elementor-widget elementor-widget-wd_title\" data-id=\"410dd101\" data-element_type=\"widget\" data-e-type=\"widget\" data-widget_type=\"wd_title.default\">\n\t\t\t\t<div class=\"elementor-widget-container\">\n\t\t\t\t\t\t\t<div class=\"title-wrapper wd-set-mb reset-last-child wd-title-color-default wd-title-style-default wd-title-size-small text-center\">\n\n\t\t\t\n\t\t\t<div class=\"liner-continer\">\n\t\t\t\t<h4 class=\"woodmart-title-container title wd-fontsize-m\"><\/h4> \n\t\t\t\t\t\t\t<\/div>\n\n\t\t\t\t\t\t\t<div class=\"title-after_title reset-last-child wd-fontsize-xs\">\n\t\t\t\t\t<p>Global Expert Solutions v\u0103 pune la dispozi\u021bie acest dic\u021bionar financiar al termenelor financiar-bancare \u0219i\/sau non-bancare utilizate de c\u0103tre toate institu\u021biile bancare \u0219i IFN-urile din Rom\u00e2nia.<br \/><br \/>Acest mic glosar este menit s\u0103 v\u0103 ajute s\u0103 gasi\u021bi r\u0103spunsurile tuturor \u00eentreb\u0103rilor precum \u201cce este \u0219i ce \u00eenseamn\u0103\u201d termenii folosi\u021bi de c\u0103tre finan\u021bi\u0219ti.<\/p>\t\t\t\t<\/div>\n\t\t\t\t\t<\/div>\n\t\t\t\t\t\t<\/div>\n\t\t\t\t<\/div>\n\t\t\t\t<\/div>\n\t\t\t\t\t<\/div>\n\t\t\t\t<\/div>\n\t\t<div class=\"elementor-element elementor-element-7183d27a e-flex e-con-boxed e-con e-parent\" data-id=\"7183d27a\" data-element_type=\"container\" data-e-type=\"container\">\n\t\t\t\t\t<div class=\"e-con-inner\">\n\t\t<div class=\"elementor-element elementor-element-37cf267b e-con-full e-flex e-con e-child\" data-id=\"37cf267b\" data-element_type=\"container\" data-e-type=\"container\">\n\t\t\t\t<div class=\"elementor-element elementor-element-147678d elementor-widget elementor-widget-wd_text_block\" data-id=\"147678d\" data-element_type=\"widget\" data-e-type=\"widget\" data-widget_type=\"wd_text_block.default\">\n\t\t\t\t<div class=\"elementor-widget-container\">\n\t\t\t\t\t\t\t<div class=\"wd-text-block reset-last-child text-left\">\n\t\t\t\n\t\t\t<ul><li><strong>Analiza dosarului<\/strong>\u00a0\u2013 Ac\u021biunea prin care institu\u021bia bancar\u0103 sau non-bancar\u0103 la care viitorul debitor aplic\u0103 pentru un credit evalueaz\u0103 dosarul de credit. Evaluarea dosarului presupune analiza factorilor de risc \u0219i a capacit\u0103\u021bii viitorului debitor de a-\u0219i achita \u00eemprumutul conform contractului de creditare.<\/li><li><strong>Avans sau contribu\u021bie proprie<\/strong>\u00a0\u2013 Suma de bani pe care debitorul o acoper\u0103 din surse proprii pentru a-\u0219i \u00eentregi suma \u00eemprumutat\u0103, \u00een vederea \u00eendeplinirii scopului pentru care este contractat creditul.<\/li><li><strong>Capitalizare\u00a0<\/strong>\u2013 Reprezint\u0103 acumularea prin ad\u0103ugare. Capitalizarea dob\u00e2nzii reprezint\u0103 ad\u0103ugarea automat\u0103 a dob\u00e2nzii la \u00eemplinirea termenului de maturitate a unui depozit de bani.<\/li><li><strong>Card de credit<\/strong>\u00a0\u2013 Acest tip de card este alimentat cu bani de o institu\u021bie bancar\u0103 \u0219i\/sau non-bancar\u0103, iar posesorul cardului are obliga\u021bia de a \u00eenapoia banii conform contractului de creditare \u00eencheiat \u00eentre banc\u0103 sau IFN \u0219i debitor.<\/li><li><strong>Card de debit<\/strong>\u00a0\u2013 Acest tip de card este alimentat cu bani chiar de posesorul cardului sau de angajatorul acestuia. Un exemplu de card de debit este chiar cardul pentru salarii.<\/li><li><strong>Card embosat<\/strong>\u00a0\u2013 Cardurile embosate au imprimate \u00een relief elemente de identificare prin care posesorul cardului poate s\u0103 fac\u0103 pl\u0103\u021bi oriunde. Exemplu: facturare manual\u0103, ATM, POS \u0219i pl\u0103\u021bi online (pe Internet).<\/li><li><strong>Card indendat<\/strong>\u00a0\u2013 Aceste tipuri de carduri nu au elemente de identificare imprimate \u00een relief \u0219i pot fi folosite numai pentru mediul electronic.<\/li><li><strong>Cash colateral sau depozit colateral<\/strong>\u00a0\u2013 Suma de bani pe care debitorul sau girantul o ofer\u0103 drept garan\u021bie pentru contractarea unui credit bancar \u0219i\/sau non-bancar. Ace\u0219ti bani r\u0103m\u00e2n bloca\u021bi pe \u00eentreaga perioad\u0103 contractual\u0103 a creditului ob\u021binut. Depozitul de bani revine posesorului abia dup\u0103 ce creditul a fost achitat. \u00cen cazul \u00een care debitorul \u00eentrerupe rambursarea creditului, institu\u021bia bancar\u0103 sau non-bancar\u0103 intr\u0103 \u00een posesia depozitului oferit drept garan\u021bie.<\/li><li><strong>Cerere de credit<\/strong>\u00a0\u2013 Solicitare scris\u0103 prin care o persoan\u0103 fizic\u0103 sau juridic\u0103 o adreseaz\u0103 unei institu\u021bii bancare sau non-bancare pentru acordarea unui credit.<\/li><li><strong>Cesiune<\/strong>\u00a0\u2013 Document prin care debitorul ofer\u0103 drept garan\u021bie unei b\u0103nci anumite drepturi de crean\u021b\u0103. \u00cen cazul \u00een care debitorul \u00eentrerupe rambursarea creditului, institu\u021bia bancar\u0103 intr\u0103 \u00een posesia drepturilor de crean\u021b\u0103 cedate de acesta la semnarea contractului de creditare.<\/li><li><strong>Crean\u021b\u0103\u00a0<\/strong>\u2013 Dreptul creditorului de a lua ceva debitorului sau de a-i pretinde ceva.<\/li><li><strong>Comision<\/strong>\u00a0\u2013 Sum\u0103 de bani pl\u0103tit\u0103 de c\u0103tre debitor bancii sau institutiei financiare non-bancare pentru serviciile aferente unui \u00eemprumut bancar.<\/li><li><strong>Cont curent<\/strong>\u00a0\u2013 Contul unde banca vireaz\u0103 suma creditului \u0219i totodat\u0103 contul de unde banca re\u021bine \u00een fiecare lun\u0103 rata aferent\u0103 creditului ob\u021binut de debitor. Acest cont trebuie alimentat lunar de c\u0103tre debitor pentru ca ratele s\u0103 fie achitate la timp, conform condi\u021biilor contractului de creditare.<\/li><li><strong>Contract de creditare<\/strong>\u00a0\u2013 Acordul dintre institu\u021bia bancar\u0103 sau non-bancar\u0103 \u0219i debitor, prin care banca se oblig\u0103 s\u0103 ofere o anumit\u0103 sum\u0103 de bani, iar debitorul se oblig\u0103 s\u0103 o achite conform acordului dintre cei doi. Contractul de creditare con\u021bine toate detaliile necesare \u2013 suma de bani, termenul stabilit, dobanda, drepturile \u0219i obliga\u021biile fiec\u0103rei p\u0103r\u021bi, garan\u021biile constituite \u0219i asa mai departe.<\/li><li><strong>Contractant<\/strong>\u00a0\u2013 Persoana fizic\u0103 sau juridic\u0103 care \u00eencheie un contract. Contractantul este debitorul care ob\u021bine un credit \u0219i care se oblig\u0103 s\u0103 \u00eel achite conform perioadei contractuale.<\/li><li><strong>Credit<\/strong>\u00a0\u2013 Suma de bani pe care un creditor o ofer\u0103 unei persoane fizice sau juridice \u00een schimbul unei dob\u00e2nzi.<\/li><li><strong>Credit bancar<\/strong>\u00a0\u2013 Suma de bani pe care o institu\u021bie bancar\u0103 \u0219i\/sau non-bancar\u0103 o ofer\u0103 unei persoane fizice sau juridice \u00een schimbul unei dob\u00e2nzi. Creditul bancar este oferit \u00een termenii unor condi\u021bii precise, atent stabilite.<\/li><li><strong>Credit pentru construc\u021bii<\/strong>\u00a0\u2013 Suma de bani pe care o institu\u021bie bancar\u0103 o ofer\u0103 unei persoane fizice sau juridice, prin care debitorul \u00ee\u0219i poate construi proprietatea dorita.<\/li><li><strong>Credit de consum<\/strong>\u00a0\u2013 Credit prin care debitorul \u00ee\u0219i poate achizi\u021biona bunuri ce urmeaz\u0103 a fi folosite pe o perioad\u0103 lung\u0103 de timp. Exemplu: mobil\u0103, aparate electrocasnice, gadget-uri, automobile, etc.<\/li><li><strong>Credit de nevoi personale<\/strong>\u00a0\u2013 Credit prin care debitorul nu trebuie s\u0103 justifice cum va folosi banii. Acest tip de credit are ca scop finan\u021barea tuturor nevoilor de ordin personal. Exemplu: renov\u0103ri, c\u0103l\u0103torii, probleme juridice sau medicale, studii \u0219i a\u0219a mai departe.<\/li><li><strong>Credit imobiliar<\/strong>\u00a0\u2013 Credit prin care debitorul ob\u021bine o sum\u0103 mare de bani \u0219i pe care va trebui s\u0103 \u00eel achite \u00eentr-o perioad\u0103 de timp mai mic\u0103 sau mai mare, conform condi\u021biilor impuse de institu\u021bia bancar\u0103 creditoare. Acest tip de credit poate fi folosit pentru achizi\u021bionarea unei locuin\u021be, pentru construirea unui imobil, pentru modernizarea sau extinderea unei locuin\u021be, pentru achizi\u021bionarea unui teren sau pentru refinan\u021barea altor \u00eemprumuturi imobiliare sau ipotecare.<\/li><li><strong>Creditor<\/strong>\u00a0\u2013 Institu\u021bie bancar\u0103 sau IFN care ofer\u0103 credite.<\/li><li><strong>Credit ipotecar<\/strong>\u00a0\u2013 Credit pe care debitorul \u00eel ob\u021bine pentru a achizi\u021biona un imobil, construi sau renova. Debitorul va garanta creditul cu imobilul care face obiectul finan\u021b\u0103rii. Cu un credit ipotecar se pot achizi\u021biona \u0219i terenuri.<\/li><li><strong>Criterii de eligibilitate<\/strong>\u00a0\u2013 Condi\u021biile pe care viitorul debitor trebuie s\u0103 le \u00eendeplineasc\u0103 pentru a ob\u021bine creditul de la institu\u021bia care urmeaz\u0103 s\u0103 \u00eel finan\u021beze.<\/li><li><strong>Debitor<\/strong>\u00a0\u2013 Persoan\u0103 fizic\u0103 sau juridic\u0103, care a contractat un credit de la o institu\u021bie bancar\u0103 sau non-bancar\u0103.<\/li><li><strong>Dob\u00e2nd\u0103<\/strong>\u00a0\u2013 Suma de bani pe care debitorul se angajeaz\u0103 s\u0103 o pl\u0103teasc\u0103 creditorului \u00een schimbul creditului ob\u021binut de la acesta.<\/li><li><strong>Dob\u00e2nda anual\u0103 efectiv\u0103 (DAE)<\/strong>\u00a0\u2013 Costul total al \u00eemprumutului exprimat ca procentaj anual din valoarea total\u0103 a creditului, egal\u0103, pe o perioad\u0103 de un an, cu valoarea total\u0103 a tuturor angajamentelor. Sunt incluse costurile deschiderii \u0219i men\u021binerii unui anumit cont, costurile utiliz\u0103rii unui mijloc de plat\u0103 at\u00e2t pentru tranzac\u021bii, c\u00e2t \u0219i pentru trageri din acel cont, precum \u0219i alte costuri legate de opera\u021biunile de plat\u0103, ori de c\u00e2te ori deschiderea unui cont sau men\u021binerea acestuia este obligatorie pentru ob\u021binerea creditului sau pentru ob\u021binerea acestuia \u00een conformitate cu termenii \u0219i condi\u021biile oferite.<\/li><li><strong>Dosar de credit<\/strong>\u00a0\u2013 Toate documentele pe care viitorul debitor trebuie s\u0103 le pun\u0103 la dispozi\u021bie institu\u021biei bancare sau non-bancare pentru aprobarea \u0219i acordarea creditului solicitat.<\/li><li><strong>Codebitor<\/strong>\u00a0\u2013 Persoan\u0103 fizic\u0103 sau juridic\u0103, care particip\u0103, \u00eempreun\u0103 cu debitorul, la achitarea creditului bancar ob\u021binut de acesta.<\/li><li><strong>Evaluare imobil<\/strong>\u00a0\u2013 Proces prin care institu\u021bia bancar\u0103 evalueaz\u0103 imobilul finan\u021bat prin intermediul unui evaluator atestat. Evaluarea imobilului, care constituie garan\u021bia acord\u0103rii creditului, este necesar\u0103 deoarece institu\u021bia bancar\u0103 finan\u021beaz\u0103 o sum\u0103 mai mic\u0103 dec\u00e2t contravaloarea acestuia. Pentru persoanele fizice banca ofer\u0103 maximum 85% din valoarea imobilului, iar pentru persoanele juridice, banca ofer\u0103 p\u00e2n\u0103 la 75% din valoarea acestuia.<\/li><li><strong>Franciz\u0103<\/strong>\u00a0\u2013 Contract prin care francizorul \u00eei ofer\u0103 francizatului posibilitatea de a evolua individual, prin intermediul aceluia\u0219i business pe care francizorul \u00eel de\u021bine. A avea o franciz\u0103 \u00eenseamn\u0103 de fapt a avea o afacere proprie. Francizatul prime\u0219te afacerea de-a gata de la francizor, \u00eempreun\u0103 cu secretele sale interne. Francizele se ob\u021bin gratuit sau \u00een schimbul unei sume de bani, aceste detalii fiind stabilite de francizor cu francizatul selectat. Francizele au o rat\u0103 de succes de p\u00e2n\u0103 la 85%.<\/li><li><strong>Francizor<\/strong>\u00a0\u2013 Persoan\u0103 care ofer\u0103 o franciz\u0103.<\/li><li><strong>Francizat<\/strong>\u00a0\u2013 Persoan\u0103 juridic\u0103 care prime\u0219te francize de la francizor. Pe scurt, beneficiarul francizei.<\/li><li><strong>Grad de \u00eendatorare sau raport rat\u0103 lunar\u0103 \/ venit<\/strong>\u00a0\u2013 Raportul dintre suma lunar\u0103 pe care debitorul trebuie s\u0103 o pl\u0103teasc\u0103 institu\u021biei bancare pentru creditul ob\u021binut, adic\u0103 valoarea ratei lunare, \u0219i venitul s\u0103u net. Limita maxim\u0103 a acestui raport difer\u0103 de la o banc\u0103 la alta \u0219i fiecare banc\u0103 are politica sa intern\u0103 privind calcularea factorilor de risc atunci c\u00e2nd se decid s\u0103 ofere un credit.<\/li><li><strong>Institu\u021bie bancar\u0103<\/strong>\u00a0\u2013 Institu\u021bie financiar\u0103 (banc\u0103).<\/li><li><strong>Institu\u021bie non-bancar\u0103 (IFN)<\/strong>\u00a0\u2013 Entitate care desf\u0103\u0219oar\u0103 activit\u0103\u021bi de creditare cu titlu profesional, \u00een condi\u021biile stabilite de lege. Aceste institu\u021bii non-bancare ofer\u0103 acelea\u0219i tipuri de credite ca \u0219i b\u0103ncile, \u00een condi\u021bii mai lejere, av\u00e2nd \u00eens\u0103 dob\u00e2nzi mai mari dec\u00e2t \u00een cazul creditelor contractate de la b\u0103nci.<\/li><li><strong>Ipotec\u0103<\/strong>\u00a0\u2013 Dreptul institu\u021biei bancare sau non-bancare asupra bunurilor pe care debitorul le-a pus drept garan\u021bie pentru ob\u021binerea creditului dorit. \u00cen cazul \u00een care debitorul \u00eentrerupe rambursarea creditului, banca are drept deplin asupra acestor bunuri pentru a-\u0219i recupera prejudicial adus de c\u0103tre debitor.<\/li><li><strong>Perioad\u0103 de creditare<\/strong>\u00a0\u2013 Perioada de timp contractual\u0103 de la ob\u021binerea creditului p\u00e2n\u0103 la achitarea integral\u0103 a acestuia de c\u0103tre debitor. Dup\u0103 ce creditul este achitat, perioada de creditare se \u00eencheie.<\/li><li><strong>Poprire<\/strong>\u00a0\u2013 Re\u021binere din salariu a unei sume de bani \u00een numele unei datorii. Poprirea pe salariu se realizeaz\u0103 atunci c\u00e2nd debitorul \u00eent\u00e2rzie sau \u00eentrerupe plata ratelor pentru creditul ob\u021binut, sau, nu \u00ee\u0219i achit\u0103 la timp datoriile curente c\u0103tre diferite institu\u021bii (exemplu: amenzi, taxe \u0219i impozite).<\/li><li><strong>POS (Point of Sale \u2013 punct de v\u00e2nzare)<\/strong>\u00a0\u2013 Dispozitiv prin care se efectueaz\u0103 pl\u0103\u021bi cu cardul, \u00eentr-un mediu electronic, securizat.<\/li><li><strong>Risc<\/strong>\u00a0\u2013 Posibilitatea pe care banca \/ IFN-ul o estimeaz\u0103 atunci c\u00e2nd ia \u00een calcul s\u0103 ofere sau nu un credit unei personae fizice sau juridice. Calcularea factorului de risc are ca scop evitarea unei posibile pagube.<\/li><li><strong>Rat\u0103<\/strong>\u00a0\u2013 Suma de bani pl\u0103tit\u0103 lunar de c\u0103tre debitor \u00een vederea achit\u0103rii unui credit bancar. Rata lunar\u0103 cuprinde o parte din valoarea creditului, \u00eempreun\u0103 cu dob\u00e2nda aferent\u0103 acestuia, precum \u0219i comisioanele aplicabile acestuia (exemplu: comision de administrare, asigurare de via\u021b\u0103).<\/li><li><strong>Salariul de \u00eencadrare<\/strong>\u00a0\u2013 Salariul persoanei fizice conform c\u0103r\u021bii de munc\u0103 sau a contractului individual de munc\u0103.<\/li><li><strong>Salariul net<\/strong>\u00a0\u2013 Suma de bani r\u0103mas\u0103 persoanei dup\u0103 ce sunt sc\u0103zute din salariul brut urm\u0103toarele d\u0103ri: taxe, impozite, diverse re\u021bineri \u0219i contribu\u021bii.<\/li><li><strong>Salariul brut<\/strong>\u00a0\u2013 Suma salariului de \u00eencadrare, \u00eempreun\u0103 cu sporurile cu caracter permanent de care persoana beneficiaz\u0103 lunar. Dac\u0103 aceste sporuri nu exist\u0103, salariul brut este egal cu salariul de \u00eencadrare.<\/li><li><strong>Scaden\u021b\u0103<\/strong>\u00a0\u2013 Data la care expir\u0103 termenul de achitare a unui credit sau termenul la care expir\u0103 termenul de achitare a unei rate. Dup\u0103 acest termen, creditorul poate s\u0103 perceap\u0103 penaliz\u0103ri. Valoarea acestor penaliz\u0103ri sunt trecute \u00een contractul de creditare.<\/li><li><strong>Soldul creditului<\/strong>\u00a0\u2013 Suma de bani r\u0103mas\u0103 de rambursat dintr-un credit.<\/li><li><strong>Sporuri cu caracter ocazional<\/strong>\u00a0\u2013 Veniturile suplimentare pe care o persoan\u0103 le c\u00e2\u0219tig\u0103 ocazional. Exemplu: prime, sporuri de noapte, salariu m\u0103rit. Institu\u021biile bancare \u0219i\/sau non-bancare nu iau de obicei \u00een considerare aceste sporuri b\u0103ne\u0219ti atunci c\u00e2nd fac calculul venitului net eligibil.<\/li><li><strong>Sporuri cu caracter permanent<\/strong>\u00a0\u2013 Veniturile pe care o persoan\u0103 le \u00eencaseaz\u0103 constant \u0219i care contribuie la valoarea salariului net. Sporurile cu caracter permanent sunt luate \u00een considerare de institu\u021biile bancare. Exemplu: orele suplimentare, bonusuri lunare, trimestriale, comisioane din v\u00e2nz\u0103ri.<\/li><li><strong>Venit eligibil<\/strong>\u00a0\u2013 Suma de bani pe care banca o consider\u0103 optim\u0103 pentru ca un debitor s\u0103 aib\u0103 capacitatea financiar\u0103 de a rambursa un anumit credit. Fiecare banc\u0103 stabile\u0219te, conform profilului viitorului debitor \u0219i a sumei de bani pe care acesta vrea s\u0103 o \u00eemprumute, care este suma care asigur\u0103 cea mai mare eficien\u021b\u0103 economic\u0103 pentru achitarea creditului conform contractului de creditare.<\/li><\/ul>\n\t\t\t\t\t<\/div>\n\t\t\t\t\t\t<\/div>\n\t\t\t\t<\/div>\n\t\t\t\t<\/div>\n\t\t\t\t\t<\/div>\n\t\t\t\t<\/div>\n\t\t<div class=\"wd-negative-gap elementor-element elementor-element-f945d95 wd-section-stretch e-flex e-con-boxed e-con e-parent\" data-id=\"f945d95\" data-element_type=\"container\" data-e-type=\"container\" id=\"aplica\" data-settings=\"{&quot;background_background&quot;:&quot;classic&quot;}\">\n\t\t\t\t\t<div class=\"e-con-inner\">\n\t\t<div class=\"elementor-element elementor-element-5755457 e-con-full e-flex e-con e-child\" data-id=\"5755457\" data-element_type=\"container\" data-e-type=\"container\">\n\t\t\t\t<div class=\"elementor-element elementor-element-e80f471 wd-width-100 elementor-widget elementor-widget-wd_title\" data-id=\"e80f471\" data-element_type=\"widget\" data-e-type=\"widget\" data-widget_type=\"wd_title.default\">\n\t\t\t\t<div class=\"elementor-widget-container\">\n\t\t\t\t\t\t\t<div class=\"title-wrapper wd-set-mb reset-last-child wd-title-color-white wd-title-style-default wd-title-size-large text-left\">\n\n\t\t\t\t\t\t\t\t\t\t\t<div class=\"title-subtitle subtitle-color-white subtitle-style-default wd-fontsize-xs\">\n\t\t\t\t\tLeasing Financiar | Credit Extern (fara TVA) | Credit Auto | Leasing Operational\t\t\t\t<\/div>\n\t\t\t\n\t\t\t<div class=\"liner-continer\">\n\t\t\t\t<h4 class=\"woodmart-title-container title wd-fontsize-xxl\">Broker de credite autorizat, oferte negociate la peste 9 Institutii Financiare avute in portofoliu.<\/h4> \n\t\t\t\t\t\t\t<\/div>\n\n\t\t\t\t\t<\/div>\n\t\t\t\t\t\t<\/div>\n\t\t\t\t<\/div>\n\t\t\t\t<\/div>\n\t\t<div class=\"elementor-element elementor-element-614e8fd e-con-full e-flex e-con e-child\" data-id=\"614e8fd\" data-element_type=\"container\" data-e-type=\"container\">\n\t\t\t\t<div class=\"elementor-element elementor-element-21f3b33 elementor-widget elementor-widget-wd_button\" data-id=\"21f3b33\" data-element_type=\"widget\" data-e-type=\"widget\" data-widget_type=\"wd_button.default\">\n\t\t\t\t<div class=\"elementor-widget-container\">\n\t\t\t\t\t\t\t<div class=\"wd-button-wrapper text-left\" >\n\t\t\t<a class=\"btn btn-style-default btn-shape-rectangle btn-size-default btn-color-white btn-icon-pos-right\"  href=\"https:\/\/ge.managedwp.agency\/credite-si-finantare\/\">\n\t\t\t\t<span class=\"wd-btn-text\" data-elementor-setting-key=\"text\">\n\t\t\t\t\tVezi solutiile de creditare\t\t\t\t<\/span>\n\n\t\t\t\t\t\t\t<\/a>\n\t\t<\/div>\n\t\t\t\t\t\t<\/div>\n\t\t\t\t<\/div>\n\t\t\t\t<\/div>\n\t\t\t\t\t<\/div>\n\t\t\t\t<\/div>\n\t\t\t\t<\/div>","protected":false},"excerpt":{"rendered":"<p>Dic\u0163ionarul financiar Global Expert Solutions Detalii Global Expert Solutions v\u0103 pune la dispozi\u021bie acest dic\u021bionar financiar al termenelor financiar-bancare \u0219i\/sau<\/p>","protected":false},"author":1,"featured_media":0,"parent":0,"menu_order":0,"comment_status":"closed","ping_status":"closed","template":"","meta":{"footnotes":""},"class_list":["post-8907","page","type-page","status-publish","hentry"],"_links":{"self":[{"href":"https:\/\/ge.managedwp.agency\/en\/wp-json\/wp\/v2\/pages\/8907","targetHints":{"allow":["GET"]}}],"collection":[{"href":"https:\/\/ge.managedwp.agency\/en\/wp-json\/wp\/v2\/pages"}],"about":[{"href":"https:\/\/ge.managedwp.agency\/en\/wp-json\/wp\/v2\/types\/page"}],"author":[{"embeddable":true,"href":"https:\/\/ge.managedwp.agency\/en\/wp-json\/wp\/v2\/users\/1"}],"replies":[{"embeddable":true,"href":"https:\/\/ge.managedwp.agency\/en\/wp-json\/wp\/v2\/comments?post=8907"}],"version-history":[{"count":4,"href":"https:\/\/ge.managedwp.agency\/en\/wp-json\/wp\/v2\/pages\/8907\/revisions"}],"predecessor-version":[{"id":8911,"href":"https:\/\/ge.managedwp.agency\/en\/wp-json\/wp\/v2\/pages\/8907\/revisions\/8911"}],"wp:attachment":[{"href":"https:\/\/ge.managedwp.agency\/en\/wp-json\/wp\/v2\/media?parent=8907"}],"curies":[{"name":"wp","href":"https:\/\/api.w.org\/{rel}","templated":true}]}}