{"id":36599,"date":"2026-03-07T06:55:05","date_gmt":"2026-03-07T06:55:05","guid":{"rendered":"https:\/\/ge.managedwp.agency\/credite-si-finantare\/?page_id=36599"},"modified":"2026-03-07T07:01:22","modified_gmt":"2026-03-07T07:01:22","slug":"credite-imobiliare","status":"publish","type":"page","link":"https:\/\/ge.managedwp.agency\/credite-si-finantare\/credite-imobiliare\/","title":{"rendered":"Credite imobiliare"},"content":{"rendered":"\t\t<div data-elementor-type=\"wp-page\" data-elementor-id=\"36599\" class=\"elementor elementor-36599\" data-elementor-post-type=\"page\">\n\t\t\t\t\t\t<section class=\"wd-negative-gap elementor-section elementor-top-section elementor-element elementor-element-2e44ea6d wd-section-stretch elementor-section-boxed elementor-section-height-default elementor-section-height-default\" data-id=\"2e44ea6d\" data-element_type=\"section\" data-e-type=\"section\" data-settings=\"{&quot;background_background&quot;:&quot;classic&quot;}\">\n\t\t\t\t\t\t\t<div class=\"elementor-background-overlay\"><\/div>\n\t\t\t\t\t\t\t<div class=\"elementor-container elementor-column-gap-no\">\n\t\t\t\t\t<div class=\"elementor-column elementor-col-100 elementor-top-column elementor-element elementor-element-baf2a7f\" data-id=\"baf2a7f\" data-element_type=\"column\" data-e-type=\"column\">\n\t\t\t<div class=\"elementor-widget-wrap elementor-element-populated\">\n\t\t\t\t\t\t<div class=\"elementor-element elementor-element-2624571f wd-width-100 elementor-widget elementor-widget-wd_title\" data-id=\"2624571f\" data-element_type=\"widget\" data-e-type=\"widget\" data-widget_type=\"wd_title.default\">\n\t\t\t\t<div class=\"elementor-widget-container\">\n\t\t\t\t\t\t\t<div class=\"title-wrapper wd-set-mb reset-last-child wd-title-color-white wd-title-style-default wd-title-size-extra-large text-center\">\n\n\t\t\t\n\t\t\t<div class=\"liner-continer\">\n\t\t\t\t<h4 class=\"woodmart-title-container title wd-fontsize-xxxl\">Credite imobiliare<\/h4> \n\t\t\t\t\t\t\t<\/div>\n\n\t\t\t\t\t\t\t<div class=\"title-after_title reset-last-child wd-fontsize-s\">\n\t\t\t\t\t<p>Creditul imobiliar p\u0103streaz\u0103 acelea\u0219i caracteristici ale creditului ipotecar cu men\u021biunea c\u0103 \u00een cazul acestui credit, garan\u021bia b\u0103ncii este formata din alt(e) imobil\/imobile aflat \u00een proprietatea unei rude p\u00e2n\u0103 la gradul II, inclusiv.<\/p>\t\t\t\t<\/div>\n\t\t\t\t\t<\/div>\n\t\t\t\t\t\t<\/div>\n\t\t\t\t<\/div>\n\t\t\t\t<div class=\"elementor-element elementor-element-451c3453 elementor-widget__width-auto elementor-widget elementor-widget-wd_button\" data-id=\"451c3453\" data-element_type=\"widget\" data-e-type=\"widget\" data-widget_type=\"wd_button.default\">\n\t\t\t\t<div class=\"elementor-widget-container\">\n\t\t\t\t\t\t\t<div class=\"wd-button-wrapper text-center wd-smooth-scroll\"  data-smooth-time=\"500\" data-smooth-offset=\"200\">\n\t\t\t<a class=\"btn btn-style-default btn-shape-rectangle btn-size-default btn-color-white btn-icon-pos-right\"  href=\"#calculator\">\n\t\t\t\t<span class=\"wd-btn-text\" data-elementor-setting-key=\"text\">\n\t\t\t\t\tAplica acum\t\t\t\t<\/span>\n\n\t\t\t\t\t\t\t<\/a>\n\t\t<\/div>\n\t\t\t\t\t\t<\/div>\n\t\t\t\t<\/div>\n\t\t\t\t<div class=\"elementor-element elementor-element-3cf47758 elementor-widget__width-auto elementor-widget elementor-widget-wd_button\" data-id=\"3cf47758\" data-element_type=\"widget\" data-e-type=\"widget\" data-widget_type=\"wd_button.default\">\n\t\t\t\t<div class=\"elementor-widget-container\">\n\t\t\t\t\t\t\t<div class=\"wd-button-wrapper text-center wd-smooth-scroll\"  data-smooth-time=\"500\" data-smooth-offset=\"200\">\n\t\t\t<a class=\"btn btn-style-bordered btn-shape-rectangle btn-size-default btn-color-white btn-icon-pos-right\"  href=\"#detalii\">\n\t\t\t\t<span class=\"wd-btn-text\" data-elementor-setting-key=\"text\">\n\t\t\t\t\tDetalii\t\t\t\t<\/span>\n\n\t\t\t\t\t\t\t<\/a>\n\t\t<\/div>\n\t\t\t\t\t\t<\/div>\n\t\t\t\t<\/div>\n\t\t\t\t\t<\/div>\n\t\t<\/div>\n\t\t\t\t\t<\/div>\n\t\t<\/section>\n\t\t<div class=\"elementor-element elementor-element-5994b8be wd-section-stretch e-flex e-con-boxed e-con e-parent\" data-id=\"5994b8be\" data-element_type=\"container\" data-e-type=\"container\" data-settings=\"{&quot;background_background&quot;:&quot;classic&quot;}\">\n\t\t\t\t\t<div class=\"e-con-inner\">\n\t\t<div class=\"elementor-element elementor-element-aa8bd2d e-con-full e-flex e-con e-child\" data-id=\"aa8bd2d\" data-element_type=\"container\" data-e-type=\"container\">\n\t\t\t\t<div class=\"elementor-element elementor-element-1ac601d8 wd-width-100 elementor-widget elementor-widget-wd_title\" data-id=\"1ac601d8\" data-element_type=\"widget\" data-e-type=\"widget\" data-widget_type=\"wd_title.default\">\n\t\t\t\t<div class=\"elementor-widget-container\">\n\t\t\t\t\t\t\t<div class=\"title-wrapper wd-set-mb reset-last-child wd-title-color-white wd-title-style-default wd-title-size-extra-large text-left\">\n\n\t\t\t\n\t\t\t<div class=\"liner-continer\">\n\t\t\t\t<h4 class=\"woodmart-title-container title wd-fontsize-xxxl\">Mai simplu. Mai rapid. <br \/>\n\u0218i nu te cost\u0103 nimic!<\/h4> \n\t\t\t\t\t\t\t<\/div>\n\n\t\t\t\t\t\t\t<div class=\"title-after_title reset-last-child wd-fontsize-s\">\n\t\t\t\t\t<p>Creditul t\u0103u imobiliar \u00een 5 pa\u0219i simpli.<\/p>\t\t\t\t<\/div>\n\t\t\t\t\t<\/div>\n\t\t\t\t\t\t<\/div>\n\t\t\t\t<\/div>\n\t\t\t\t<div class=\"elementor-element elementor-element-765ac054 elementor-widget__width-auto elementor-widget elementor-widget-wd_button\" data-id=\"765ac054\" data-element_type=\"widget\" data-e-type=\"widget\" data-widget_type=\"wd_button.default\">\n\t\t\t\t<div class=\"elementor-widget-container\">\n\t\t\t\t\t\t\t<div class=\"wd-button-wrapper text-left\" >\n\t\t\t<a class=\"btn btn-style-default btn-shape-rectangle btn-size-default btn-color-white btn-icon-pos-right\"  href=\"#calculator\">\n\t\t\t\t<span class=\"wd-btn-text\" data-elementor-setting-key=\"text\">\n\t\t\t\t\tAplica Acum\t\t\t\t<\/span>\n\n\t\t\t\t\t\t\t<\/a>\n\t\t<\/div>\n\t\t\t\t\t\t<\/div>\n\t\t\t\t<\/div>\n\t\t\t\t<\/div>\n\t\t<div class=\"elementor-element elementor-element-36fbb114 e-con-full e-flex e-con e-child\" data-id=\"36fbb114\" data-element_type=\"container\" data-e-type=\"container\">\n\t\t\t\t<div class=\"elementor-element elementor-element-5baec139 elementor-widget elementor-widget-wd_list\" data-id=\"5baec139\" data-element_type=\"widget\" data-e-type=\"widget\" data-widget_type=\"wd_list.default\">\n\t\t\t\t<div class=\"elementor-widget-container\">\n\t\t\t\t\t\t\t<ul class=\"wd-list color-scheme-light wd-fontsize-xs wd-type-icon wd-style-default text-left\">\n\t\t\t\t\t\t\t\t\t\t\t<li class=\"elementor-repeater-item-c5ced74\">\n\t\t\t\t\t\t\t\t\t\t\t<span class=\"wd-icon\"><svg class=\"e-font-icon-svg e-fas-check\" viewBox=\"0 0 512 512\" xmlns=\"http:\/\/www.w3.org\/2000\/svg\"><path d=\"M173.898 439.404l-166.4-166.4c-9.997-9.997-9.997-26.206 0-36.204l36.203-36.204c9.997-9.998 26.207-9.998 36.204 0L192 312.69 432.095 72.596c9.997-9.997 26.207-9.997 36.204 0l36.203 36.204c9.997 9.997 9.997 26.206 0 36.204l-294.4 294.401c-9.998 9.997-26.207 9.997-36.204-.001z\"><\/path><\/svg><\/span>\t\t\t\t\t\n\t\t\t\t\t<span class=\"wd-list-content list-content\">\n\t\t\t\t\t\t\t\t\t\t\t\t\tPerioad\u0103: 6 luni \u2013 35 ani\t\t\t\t\t\t\t\t\t\t\t<\/span>\n\t\t\t\t<\/li>\n\t\t\t\t\t\t\t\t\t\t\t<li class=\"elementor-repeater-item-53b5999\">\n\t\t\t\t\t\t\t\t\t\t\t<span class=\"wd-icon\"><svg class=\"e-font-icon-svg e-fas-check\" viewBox=\"0 0 512 512\" xmlns=\"http:\/\/www.w3.org\/2000\/svg\"><path d=\"M173.898 439.404l-166.4-166.4c-9.997-9.997-9.997-26.206 0-36.204l36.203-36.204c9.997-9.998 26.207-9.998 36.204 0L192 312.69 432.095 72.596c9.997-9.997 26.207-9.997 36.204 0l36.203 36.204c9.997 9.997 9.997 26.206 0 36.204l-294.4 294.401c-9.998 9.997-26.207 9.997-36.204-.001z\"><\/path><\/svg><\/span>\t\t\t\t\t\n\t\t\t\t\t<span class=\"wd-list-content list-content\">\n\t\t\t\t\t\t\t\t\t\t\t\t\tV\u00e2rst\u0103: 20 \u2013 70 ani\t\t\t\t\t\t\t\t\t\t\t<\/span>\n\t\t\t\t<\/li>\n\t\t\t\t\t\t\t\t\t\t\t<li class=\"elementor-repeater-item-f380667\">\n\t\t\t\t\t\t\t\t\t\t\t<span class=\"wd-icon\"><svg class=\"e-font-icon-svg e-fas-check\" viewBox=\"0 0 512 512\" xmlns=\"http:\/\/www.w3.org\/2000\/svg\"><path d=\"M173.898 439.404l-166.4-166.4c-9.997-9.997-9.997-26.206 0-36.204l36.203-36.204c9.997-9.998 26.207-9.998 36.204 0L192 312.69 432.095 72.596c9.997-9.997 26.207-9.997 36.204 0l36.203 36.204c9.997 9.997 9.997 26.206 0 36.204l-294.4 294.401c-9.998 9.997-26.207 9.997-36.204-.001z\"><\/path><\/svg><\/span>\t\t\t\t\t\n\t\t\t\t\t<span class=\"wd-list-content list-content\">\n\t\t\t\t\t\t\t\t\t\t\t\t\tSum\u0103: 10.000\u20ac \u2013 1.000.000\u20ac sau echivalentul \u00een RON\t\t\t\t\t\t\t\t\t\t\t<\/span>\n\t\t\t\t<\/li>\n\t\t\t\t\t\t\t\t\t\t\t<li class=\"elementor-repeater-item-3acda49\">\n\t\t\t\t\t\t\t\t\t\t\t<span class=\"wd-icon\"><svg class=\"e-font-icon-svg e-fas-check\" viewBox=\"0 0 512 512\" xmlns=\"http:\/\/www.w3.org\/2000\/svg\"><path d=\"M173.898 439.404l-166.4-166.4c-9.997-9.997-9.997-26.206 0-36.204l36.203-36.204c9.997-9.998 26.207-9.998 36.204 0L192 312.69 432.095 72.596c9.997-9.997 26.207-9.997 36.204 0l36.203 36.204c9.997 9.997 9.997 26.206 0 36.204l-294.4 294.401c-9.998 9.997-26.207 9.997-36.204-.001z\"><\/path><\/svg><\/span>\t\t\t\t\t\n\t\t\t\t\t<span class=\"wd-list-content list-content\">\n\t\t\t\t\t\t\t\t\t\t\t\t\tDob\u00e2nd\u0103: fix\u0103 \u2013 pentru 5 sau 10 ani, ulterior variabil\u0103, sau variabil\u0103, de la \u00eenceputul perioadei\t\t\t\t\t\t\t\t\t\t\t<\/span>\n\t\t\t\t<\/li>\n\t\t\t\t\t\t\t\t\t\t\t<li class=\"elementor-repeater-item-71f253f\">\n\t\t\t\t\t\t\t\t\t\t\t<span class=\"wd-icon\"><svg class=\"e-font-icon-svg e-fas-check\" viewBox=\"0 0 512 512\" xmlns=\"http:\/\/www.w3.org\/2000\/svg\"><path d=\"M173.898 439.404l-166.4-166.4c-9.997-9.997-9.997-26.206 0-36.204l36.203-36.204c9.997-9.998 26.207-9.998 36.204 0L192 312.69 432.095 72.596c9.997-9.997 26.207-9.997 36.204 0l36.203 36.204c9.997 9.997 9.997 26.206 0 36.204l-294.4 294.401c-9.998 9.997-26.207 9.997-36.204-.001z\"><\/path><\/svg><\/span>\t\t\t\t\t\n\t\t\t\t\t<span class=\"wd-list-content list-content\">\n\t\t\t\t\t\t\t\t\t\t\t\t\tAvans: minim 15% pentru creditele \u00een RON sau minim 25% pentru creditele \u00een euro\t\t\t\t\t\t\t\t\t\t\t<\/span>\n\t\t\t\t<\/li>\n\t\t\t\t\t<\/ul>\n\n\t\t\t\t\t\t<\/div>\n\t\t\t\t<\/div>\n\t\t\t\t<\/div>\n\t\t\t\t\t<\/div>\n\t\t\t\t<\/div>\n\t\t<div class=\"elementor-element elementor-element-6d2637e0 wd-section-stretch e-flex e-con-boxed e-con e-parent\" data-id=\"6d2637e0\" data-element_type=\"container\" data-e-type=\"container\" data-settings=\"{&quot;background_background&quot;:&quot;classic&quot;}\">\n\t\t\t\t\t<div class=\"e-con-inner\">\n\t\t<div class=\"elementor-element elementor-element-7b75238e e-con-full e-flex e-con e-child\" data-id=\"7b75238e\" data-element_type=\"container\" data-e-type=\"container\">\n\t\t\t\t<div class=\"elementor-element elementor-element-3222c381 wd-width-100 elementor-widget elementor-widget-wd_title\" data-id=\"3222c381\" data-element_type=\"widget\" data-e-type=\"widget\" data-widget_type=\"wd_title.default\">\n\t\t\t\t<div class=\"elementor-widget-container\">\n\t\t\t\t\t\t\t<div class=\"title-wrapper wd-set-mb reset-last-child wd-title-color-white wd-title-style-default wd-title-size-extra-large text-center\">\n\n\t\t\t\n\t\t\t<div class=\"liner-continer\">\n\t\t\t\t<h4 class=\"woodmart-title-container title wd-fontsize-xxxl\"><\/h4> \n\t\t\t\t\t\t\t<\/div>\n\n\t\t\t\t\t\t\t<div class=\"title-after_title reset-last-child wd-fontsize-s\">\n\t\t\t\t\t<p>Ofert\u0103 personalizat\u0103 \u00een func\u021bie de profilul prezentat. Economie de timp. F\u0103r\u0103 costuri suplimentare.<br \/>Asisten\u021b\u0103 pe tot parcursul procesului de creditare.<br \/>Dob\u00e2nd\u0103 preferen\u021bial\u0103.<br \/>Valoare maxim\u0103 finan\u021bat\u0103: p\u00e2n\u0103 la 85% din valoarea imobilelor aduse \u00een garan\u021bie<\/p>\t\t\t\t<\/div>\n\t\t\t\t\t<\/div>\n\t\t\t\t\t\t<\/div>\n\t\t\t\t<\/div>\n\t\t\t\t<\/div>\n\t\t\t\t\t<\/div>\n\t\t\t\t<\/div>\n\t\t<div class=\"elementor-element elementor-element-66a7bf82 wd-section-stretch e-flex e-con-boxed e-con e-parent\" data-id=\"66a7bf82\" data-element_type=\"container\" data-e-type=\"container\" id=\"calculator\" data-settings=\"{&quot;background_background&quot;:&quot;classic&quot;}\">\n\t\t\t\t\t<div class=\"e-con-inner\">\n\t\t\t\t<div class=\"elementor-element elementor-element-2edaa926 elementor-widget elementor-widget-shortcode\" data-id=\"2edaa926\" data-element_type=\"widget\" data-e-type=\"widget\" data-widget_type=\"shortcode.default\">\n\t\t\t\t\t\t\t<div class=\"elementor-shortcode\">        <section class=\"brns-calculator brns-calc-ipotecar\" id=\"brns-wrap-ipotecar\">\n            <div class=\"brns-calc-header\">\n                <h2 class=\"brns-calc-title\">Calculatorul inteligent pentru creditul t\u0103u ipotecar. El \u0219tie de ce ai tu nevoie!<\/h2>\n                <p class=\"brns-calc-subtitle\">Te ajut\u0103m s\u0103 \u00ee\u021bi duci planurile la \u00eendeplinire. Calculeaz\u0103 efortul t\u0103u financiar. Planurile tale pot deveni realitate cu un control bun al finan\u021belor tale. Calculeaz\u0103-\u021bi rata la credit ca s\u0103 fii preg\u0103tit s\u0103 \u00ee\u021bi cumperi o locuin\u021b\u0103 nou\u0103, \u00een func\u021bie de banca la care vrei s\u0103 aplici.<\/p>\n            <\/div>\n\n            <form onsubmit=\"return false;\" class=\"brns-calc-form\">\n                <div class=\"brns-calc-body\">\n\n                    <!-- Row 1: Venit + Banc\u0103 (two-column) -->\n                    <div class=\"brns-field-row\">\n                        <div class=\"brns-field-group\" style=\"margin-bottom:0\">\n                            <label class=\"brns-label\" for=\"venit-ipotecar\">Venit lunar<\/label>\n                            <div class=\"brns-input-suffix\">\n                                <input type=\"number\" id=\"venit-ipotecar\" class=\"brns-input\"\n                                       step=\"any\" min=\"0\" placeholder=\"0\">\n                                <span class=\"brns-suffix\">Lei<\/span>\n                            <\/div>\n                        <\/div>\n                        <div class=\"brns-field-group\" style=\"margin-bottom:0\">\n                            <label class=\"brns-label\" for=\"banca-ipotecar\">Banc\u0103 creditoare<\/label>\n                            <select id=\"banca-ipotecar\" class=\"brns-select\">\n                                                                    <option value=\"0\">\n                                        Libra Bank                                    <\/option>\n                                                                    <option value=\"1\">\n                                        BRD                                    <\/option>\n                                                                    <option value=\"2\">\n                                        Banca Transilvania                                    <\/option>\n                                                                    <option value=\"3\">\n                                        BCR                                    <\/option>\n                                                                    <option value=\"4\">\n                                        First Bank                                    <\/option>\n                                                                    <option value=\"5\">\n                                        Alpha Bank                                    <\/option>\n                                                                    <option value=\"6\">\n                                        ING                                    <\/option>\n                                                                    <option value=\"7\">\n                                        Claret IFN                                    <\/option>\n                                                            <\/select>\n                        <\/div>\n                    <\/div><!-- \/.brns-field-row -->\n\n                    <!-- Valoare credit (slider above, linked number input below) -->\n                    <div class=\"brns-field-group\">\n                        <label class=\"brns-label\">Valoare credit<\/label>\n                        <div class=\"brns-slider-wrap\">\n                            <input type=\"range\"\n                                   id=\"valoare-ipotecar\"\n                                   class=\"brns-slider\"\n                                   min=\"1\"\n                                   max=\"2500000\"\n                                   step=\"1000\"\n                                   value=\"200000\">\n                            <div class=\"brns-slider-limits\">\n                                <span>1 Lei<\/span>\n                                <span>2.500.000 Lei<\/span>\n                            <\/div>\n                        <\/div>\n                        <div class=\"brns-input-suffix\" style=\"margin-top:8px;\">\n                            <input type=\"number\" id=\"output-valoare-ipotecar\" class=\"brns-input brns-input--medium\"\n                                   value=\"200000\"\n                                   step=\"1000\">\n                            <span class=\"brns-suffix\">Lei<\/span>\n                        <\/div>\n                    <\/div>\n\n                    <!-- Dob\u00e2nd\u0103 fix\u0103 5 ani toggle\n                         ID: brns-fixa-row \u2014 JS hides this row when bank.no_fix === 1 -->\n                    <div class=\"brns-field-group brns-toggle-group\" id=\"brns-fixa-row\">\n                        <label class=\"brns-checkbox-label\">\n                            <input type=\"checkbox\" id=\"dobanda-fixa-ipotecar\" class=\"brns-checkbox\">\n                            <span class=\"brns-label\" style=\"margin:0;\">Dob\u00e2nd&#x103; fix&#x103; 5 ANI<\/span>\n                        <\/label>\n                    <\/div>\n\n                    <!-- Perioad\u0103 (slider + inline number input, side by side) -->\n                    <div class=\"brns-field-group\">\n                        <label class=\"brns-label\">Perioad&#x103; (luni)<\/label>\n                        <div class=\"brns-slider-row\">\n                            <input type=\"range\"\n                                   id=\"perioada-ipotecar\"\n                                   class=\"brns-slider\"\n                                   min=\"120\"\n                                   max=\"360\"\n                                   value=\"240\">\n                            <div class=\"brns-input-suffix\">\n                                <input type=\"number\" id=\"output-perioada-ipotecar\" class=\"brns-input brns-input--small\"\n                                       value=\"240\"\n                                       min=\"120\"\n                                       max=\"360\">\n                                <span class=\"brns-suffix\">Luni<\/span>\n                            <\/div>\n                        <\/div>\n                        <div class=\"brns-slider-limits\">\n                            <span>120 luni<\/span>\n                            <span>360 luni<\/span>\n                        <\/div>\n                    <\/div>\n\n                <\/div><!-- \/.brns-calc-body -->\n\n                <!-- Results \u2014 always visible, updated in real-time by JS -->\n                <div class=\"brns-results brns-results--gold\">\n                    <div class=\"brns-results-grid brns-results-grid--gold\">\n                        <div class=\"brns-result-item brns-result-item--highlight\">\n                            <span class=\"brns-result-label\">Rat&#x103; lunar&#x103;<\/span>\n                            <span class=\"brns-result-value brns-result-value--large\" id=\"rata-lunara-ipotecar\">\u2014<\/span>\n                        <\/div>\n                        <div class=\"brns-result-item\">\n                            <span class=\"brns-result-label\">Cost total credit<\/span>\n                            <span class=\"brns-result-value\" id=\"cost-total-credit-ipotecar\">\u2014<\/span>\n                        <\/div>\n                        <div class=\"brns-result-item\">\n                            <span class=\"brns-result-label\">Cost total pl&#x103;tibil<\/span>\n                            <span class=\"brns-result-value\" id=\"cost-total-platibil-ipotecar\">\u2014<\/span>\n                        <\/div>\n                        <div class=\"brns-result-item\">\n                            <span class=\"brns-result-label\">Indice IRCC<\/span>\n                            <span class=\"brns-result-value brns-gold\" id=\"ircc-value\">5.71%<\/span>\n                        <\/div>\n                        <div class=\"brns-result-item\">\n                            <span class=\"brns-result-label\">DAE<\/span>\n                            <span class=\"brns-result-value\" id=\"dae-ipotecar\">\u2014<\/span>\n                        <\/div>\n                        <div class=\"brns-result-item\">\n                            <span class=\"brns-result-label\">Status<\/span>\n                            <span class=\"brns-result-value\" id=\"status-ipotecar\">\u2014<\/span>\n                        <\/div>\n                    <\/div><!-- \/.brns-results-grid -->\n\n                    <p class=\"brns-asig\">\n                        Cost asigur&#x103;ri PAD + facultativ&#x103;:\n                        <strong>0.1%<\/strong>\n                        din valoarea creditului \/ an\n                        &nbsp;&mdash;&nbsp;\n                        Cost evaluare: Apartament <strong>470 Lei<\/strong>\n                        &nbsp;|&nbsp; Cas&#x103; <strong>590 Lei<\/strong>\n                    <\/p>\n                    <p class=\"brns-disclaimer\">*Pre\u021burile sunt estimative \u0219i se pot modifica \u00een func\u021bie de profilul fiec\u0103rui client.<\/p>\n\n                    <div class=\"brns-quote-btn-wrap\">\n                        <button type=\"button\" class=\"brns-quote-btn\">\n                            Solicit&#x103; o Ofert&#x103;\n                        <\/button>\n                    <\/div>\n                <\/div><!-- \/.brns-results -->\n\n            <\/form>\n\n                        <div class=\"brns-footer-notes\">\n                Indice IRCC: 5.71% | Asigur\u0103ri: 0.1% din valoarea creditului\/an<br \/>\r\nCost evaluare: Apartament 470 Lei | Cas\u0103 590 Lei<br \/>\r\nDob\u00e2nzi disponibile (IRCC + spread bancar):<br \/>\r\n  Libra Bank: variabil\u0103 7.96%<br \/>\r\n  BRD: variabil\u0103 7.96% | fix\u0103 5 ani 7.30%<br \/>\r\n  Banca Transilvania: variabil\u0103 7.96% | fix\u0103 5 ani 6.90%<br \/>\r\n  BCR: variabil\u0103 7.96% | fix\u0103 5 ani 7.18%<br \/>\r\n  First Bank: variabil\u0103 7.96% | fix\u0103 5 ani 6.99%<br \/>\r\n  Alpha Bank: variabil\u0103 7.96% | fix\u0103 5 ani 7.35%<br \/>\r\n  ING: variabil\u0103 7.96% | fix\u0103 5 ani 7.65%<br \/>\r\n  Claret IFN: variabil\u0103 29.71%<br \/>\r\n*Pre\u021burile sunt estimative \u0219i se pot modifica \u00een func\u021bie de profilul fiec\u0103rui client.            <\/div>\n                    <\/section>\n        <\/div>\n\t\t\t\t\t\t<\/div>\n\t\t\t\t\t<\/div>\n\t\t\t\t<\/div>\n\t\t\t\t<\/div>\n\t\t","protected":false},"excerpt":{"rendered":"<p>Credite imobiliare Creditul imobiliar p\u0103streaz\u0103 acelea\u0219i caracteristici ale creditului ipotecar cu men\u021biunea c\u0103 \u00een cazul acestui credit, garan\u021bia b\u0103ncii este<\/p>\n","protected":false},"author":1,"featured_media":0,"parent":0,"menu_order":0,"comment_status":"closed","ping_status":"closed","template":"","meta":{"footnotes":""},"class_list":["post-36599","page","type-page","status-publish","hentry"],"_links":{"self":[{"href":"https:\/\/ge.managedwp.agency\/credite-si-finantare\/wp-json\/wp\/v2\/pages\/36599","targetHints":{"allow":["GET"]}}],"collection":[{"href":"https:\/\/ge.managedwp.agency\/credite-si-finantare\/wp-json\/wp\/v2\/pages"}],"about":[{"href":"https:\/\/ge.managedwp.agency\/credite-si-finantare\/wp-json\/wp\/v2\/types\/page"}],"author":[{"embeddable":true,"href":"https:\/\/ge.managedwp.agency\/credite-si-finantare\/wp-json\/wp\/v2\/users\/1"}],"replies":[{"embeddable":true,"href":"https:\/\/ge.managedwp.agency\/credite-si-finantare\/wp-json\/wp\/v2\/comments?post=36599"}],"version-history":[{"count":8,"href":"https:\/\/ge.managedwp.agency\/credite-si-finantare\/wp-json\/wp\/v2\/pages\/36599\/revisions"}],"predecessor-version":[{"id":36610,"href":"https:\/\/ge.managedwp.agency\/credite-si-finantare\/wp-json\/wp\/v2\/pages\/36599\/revisions\/36610"}],"wp:attachment":[{"href":"https:\/\/ge.managedwp.agency\/credite-si-finantare\/wp-json\/wp\/v2\/media?parent=36599"}],"curies":[{"name":"wp","href":"https:\/\/api.w.org\/{rel}","templated":true}]}}