{"id":36372,"date":"2026-02-26T18:57:47","date_gmt":"2026-02-26T18:57:47","guid":{"rendered":"https:\/\/ge.managedwp.agency\/credite-si-finantare\/?page_id=36372"},"modified":"2026-03-07T06:44:05","modified_gmt":"2026-03-07T06:44:05","slug":"credit-nevoi-personale","status":"publish","type":"page","link":"https:\/\/ge.managedwp.agency\/credite-si-finantare\/credit-nevoi-personale\/","title":{"rendered":"Credit Nevoi Personale"},"content":{"rendered":"\t\t<div data-elementor-type=\"wp-page\" data-elementor-id=\"36372\" class=\"elementor elementor-36372\" data-elementor-post-type=\"page\">\n\t\t\t\t\t\t<section class=\"wd-negative-gap elementor-section elementor-top-section elementor-element elementor-element-4bddddd wd-section-stretch elementor-section-boxed elementor-section-height-default elementor-section-height-default\" data-id=\"4bddddd\" data-element_type=\"section\" data-e-type=\"section\" data-settings=\"{&quot;background_background&quot;:&quot;classic&quot;}\">\n\t\t\t\t\t\t\t<div class=\"elementor-background-overlay\"><\/div>\n\t\t\t\t\t\t\t<div class=\"elementor-container elementor-column-gap-no\">\n\t\t\t\t\t<div class=\"elementor-column elementor-col-100 elementor-top-column elementor-element elementor-element-70b71253\" data-id=\"70b71253\" data-element_type=\"column\" data-e-type=\"column\">\n\t\t\t<div class=\"elementor-widget-wrap elementor-element-populated\">\n\t\t\t\t\t\t<div class=\"elementor-element elementor-element-57845b59 wd-width-100 elementor-widget elementor-widget-wd_title\" data-id=\"57845b59\" data-element_type=\"widget\" data-e-type=\"widget\" data-widget_type=\"wd_title.default\">\n\t\t\t\t<div class=\"elementor-widget-container\">\n\t\t\t\t\t\t\t<div class=\"title-wrapper wd-set-mb reset-last-child wd-title-color-white wd-title-style-default wd-title-size-extra-large text-center\">\n\n\t\t\t\n\t\t\t<div class=\"liner-continer\">\n\t\t\t\t<h4 class=\"woodmart-title-container title wd-fontsize-xxxl\">Credite nevoi personale negarantate<\/h4> \n\t\t\t\t\t\t\t<\/div>\n\n\t\t\t\t\t\t\t<div class=\"title-after_title reset-last-child wd-fontsize-s\">\n\t\t\t\t\t<p>Destinate persoanelor fizice pentru satisfacerea oricarei nevoi. <br \/>Solicitantul nu trebuie sa declare scopul in care vor fi utilizati banii imprumutati prin credit si nu trebuie sa plateasca nimic in avans.<\/p>\t\t\t\t<\/div>\n\t\t\t\t\t<\/div>\n\t\t\t\t\t\t<\/div>\n\t\t\t\t<\/div>\n\t\t\t\t<div class=\"elementor-element elementor-element-6cfb7289 elementor-widget__width-auto elementor-widget elementor-widget-wd_button\" data-id=\"6cfb7289\" data-element_type=\"widget\" data-e-type=\"widget\" data-widget_type=\"wd_button.default\">\n\t\t\t\t<div class=\"elementor-widget-container\">\n\t\t\t\t\t\t\t<div class=\"wd-button-wrapper text-center wd-smooth-scroll\"  data-smooth-time=\"500\" data-smooth-offset=\"200\">\n\t\t\t<a class=\"btn btn-style-default btn-shape-rectangle btn-size-default btn-color-white btn-icon-pos-right\"  href=\"#calculator\">\n\t\t\t\t<span class=\"wd-btn-text\" data-elementor-setting-key=\"text\">\n\t\t\t\t\tAplica acum\t\t\t\t<\/span>\n\n\t\t\t\t\t\t\t<\/a>\n\t\t<\/div>\n\t\t\t\t\t\t<\/div>\n\t\t\t\t<\/div>\n\t\t\t\t<div class=\"elementor-element elementor-element-3f3c7dc2 elementor-widget__width-auto elementor-widget elementor-widget-wd_button\" data-id=\"3f3c7dc2\" data-element_type=\"widget\" data-e-type=\"widget\" data-widget_type=\"wd_button.default\">\n\t\t\t\t<div class=\"elementor-widget-container\">\n\t\t\t\t\t\t\t<div class=\"wd-button-wrapper text-center wd-smooth-scroll\"  data-smooth-time=\"500\" data-smooth-offset=\"200\">\n\t\t\t<a class=\"btn btn-style-bordered btn-shape-rectangle btn-size-default btn-color-white btn-icon-pos-right\"  href=\"#detalii\">\n\t\t\t\t<span class=\"wd-btn-text\" data-elementor-setting-key=\"text\">\n\t\t\t\t\tDetalii\t\t\t\t<\/span>\n\n\t\t\t\t\t\t\t<\/a>\n\t\t<\/div>\n\t\t\t\t\t\t<\/div>\n\t\t\t\t<\/div>\n\t\t\t\t\t<\/div>\n\t\t<\/div>\n\t\t\t\t\t<\/div>\n\t\t<\/section>\n\t\t<div class=\"elementor-element elementor-element-61f4894e wd-section-stretch e-flex e-con-boxed e-con e-parent\" data-id=\"61f4894e\" data-element_type=\"container\" data-e-type=\"container\" data-settings=\"{&quot;background_background&quot;:&quot;classic&quot;}\">\n\t\t\t\t\t<div class=\"e-con-inner\">\n\t\t<div class=\"elementor-element elementor-element-4af350ab e-con-full e-flex e-con e-child\" data-id=\"4af350ab\" data-element_type=\"container\" data-e-type=\"container\">\n\t\t\t\t<div class=\"elementor-element elementor-element-5a42717a wd-width-100 elementor-widget elementor-widget-wd_title\" data-id=\"5a42717a\" data-element_type=\"widget\" data-e-type=\"widget\" data-widget_type=\"wd_title.default\">\n\t\t\t\t<div class=\"elementor-widget-container\">\n\t\t\t\t\t\t\t<div class=\"title-wrapper wd-set-mb reset-last-child wd-title-color-white wd-title-style-default wd-title-size-extra-large text-left\">\n\n\t\t\t\n\t\t\t<div class=\"liner-continer\">\n\t\t\t\t<h4 class=\"woodmart-title-container title wd-fontsize-xxxl\">Mai simplu. Mai rapid. <br \/>\n\u0218i nu te cost\u0103 nimic!<\/h4> \n\t\t\t\t\t\t\t<\/div>\n\n\t\t\t\t\t\t\t<div class=\"title-after_title reset-last-child wd-fontsize-s\">\n\t\t\t\t\t<p>Creditul t\u0103u de nevoi personale \u00een 5 pa\u0219i simpli.<\/p>\t\t\t\t<\/div>\n\t\t\t\t\t<\/div>\n\t\t\t\t\t\t<\/div>\n\t\t\t\t<\/div>\n\t\t\t\t<div class=\"elementor-element elementor-element-f02aa7c elementor-widget__width-auto elementor-widget elementor-widget-wd_button\" data-id=\"f02aa7c\" data-element_type=\"widget\" data-e-type=\"widget\" data-widget_type=\"wd_button.default\">\n\t\t\t\t<div class=\"elementor-widget-container\">\n\t\t\t\t\t\t\t<div class=\"wd-button-wrapper text-left\" >\n\t\t\t<a class=\"btn btn-style-default btn-shape-rectangle btn-size-default btn-color-white btn-icon-pos-right\"  href=\"#calculator\">\n\t\t\t\t<span class=\"wd-btn-text\" data-elementor-setting-key=\"text\">\n\t\t\t\t\tAplica Acum\t\t\t\t<\/span>\n\n\t\t\t\t\t\t\t<\/a>\n\t\t<\/div>\n\t\t\t\t\t\t<\/div>\n\t\t\t\t<\/div>\n\t\t\t\t<\/div>\n\t\t<div class=\"elementor-element elementor-element-148d6b96 e-con-full e-flex e-con e-child\" data-id=\"148d6b96\" data-element_type=\"container\" data-e-type=\"container\">\n\t\t\t\t<div class=\"elementor-element elementor-element-21182437 elementor-widget elementor-widget-wd_list\" data-id=\"21182437\" data-element_type=\"widget\" data-e-type=\"widget\" data-widget_type=\"wd_list.default\">\n\t\t\t\t<div class=\"elementor-widget-container\">\n\t\t\t\t\t\t\t<ul class=\"wd-list color-scheme-light wd-fontsize-xs wd-type-icon wd-style-default text-left\">\n\t\t\t\t\t\t\t\t\t\t\t<li class=\"elementor-repeater-item-c5ced74\">\n\t\t\t\t\t\t\t\t\t\t\t<span class=\"wd-icon\"><svg class=\"e-font-icon-svg e-fas-check\" viewBox=\"0 0 512 512\" xmlns=\"http:\/\/www.w3.org\/2000\/svg\"><path d=\"M173.898 439.404l-166.4-166.4c-9.997-9.997-9.997-26.206 0-36.204l36.203-36.204c9.997-9.998 26.207-9.998 36.204 0L192 312.69 432.095 72.596c9.997-9.997 26.207-9.997 36.204 0l36.203 36.204c9.997 9.997 9.997 26.206 0 36.204l-294.4 294.401c-9.998 9.997-26.207 9.997-36.204-.001z\"><\/path><\/svg><\/span>\t\t\t\t\t\n\t\t\t\t\t<span class=\"wd-list-content list-content\">\n\t\t\t\t\t\t\t\t\t\t\t\t\tDob\u00e2nd\u0103 \u00eentre 6.00%\n\u0219i 12.99% \u00een func\u021bie de profilul clientului\t\t\t\t\t\t\t\t\t\t\t<\/span>\n\t\t\t\t<\/li>\n\t\t\t\t\t\t\t\t\t\t\t<li class=\"elementor-repeater-item-53b5999\">\n\t\t\t\t\t\t\t\t\t\t\t<span class=\"wd-icon\"><svg class=\"e-font-icon-svg e-fas-check\" viewBox=\"0 0 512 512\" xmlns=\"http:\/\/www.w3.org\/2000\/svg\"><path d=\"M173.898 439.404l-166.4-166.4c-9.997-9.997-9.997-26.206 0-36.204l36.203-36.204c9.997-9.998 26.207-9.998 36.204 0L192 312.69 432.095 72.596c9.997-9.997 26.207-9.997 36.204 0l36.203 36.204c9.997 9.997 9.997 26.206 0 36.204l-294.4 294.401c-9.998 9.997-26.207 9.997-36.204-.001z\"><\/path><\/svg><\/span>\t\t\t\t\t\n\t\t\t\t\t<span class=\"wd-list-content list-content\">\n\t\t\t\t\t\t\t\t\t\t\t\t\tComision ZERO (analiz\u0103 dosar)\t\t\t\t\t\t\t\t\t\t\t<\/span>\n\t\t\t\t<\/li>\n\t\t\t\t\t\t\t\t\t\t\t<li class=\"elementor-repeater-item-f380667\">\n\t\t\t\t\t\t\t\t\t\t\t<span class=\"wd-icon\"><svg class=\"e-font-icon-svg e-fas-check\" viewBox=\"0 0 512 512\" xmlns=\"http:\/\/www.w3.org\/2000\/svg\"><path d=\"M173.898 439.404l-166.4-166.4c-9.997-9.997-9.997-26.206 0-36.204l36.203-36.204c9.997-9.998 26.207-9.998 36.204 0L192 312.69 432.095 72.596c9.997-9.997 26.207-9.997 36.204 0l36.203 36.204c9.997 9.997 9.997 26.206 0 36.204l-294.4 294.401c-9.998 9.997-26.207 9.997-36.204-.001z\"><\/path><\/svg><\/span>\t\t\t\t\t\n\t\t\t\t\t<span class=\"wd-list-content list-content\">\n\t\t\t\t\t\t\t\t\t\t\t\t\tAprobare rapid\u0103, \u00een 30 de minute\t\t\t\t\t\t\t\t\t\t\t<\/span>\n\t\t\t\t<\/li>\n\t\t\t\t\t\t\t\t\t\t\t<li class=\"elementor-repeater-item-3acda49\">\n\t\t\t\t\t\t\t\t\t\t\t<span class=\"wd-icon\"><svg class=\"e-font-icon-svg e-fas-check\" viewBox=\"0 0 512 512\" xmlns=\"http:\/\/www.w3.org\/2000\/svg\"><path d=\"M173.898 439.404l-166.4-166.4c-9.997-9.997-9.997-26.206 0-36.204l36.203-36.204c9.997-9.998 26.207-9.998 36.204 0L192 312.69 432.095 72.596c9.997-9.997 26.207-9.997 36.204 0l36.203 36.204c9.997 9.997 9.997 26.206 0 36.204l-294.4 294.401c-9.998 9.997-26.207 9.997-36.204-.001z\"><\/path><\/svg><\/span>\t\t\t\t\t\n\t\t\t\t\t<span class=\"wd-list-content list-content\">\n\t\t\t\t\t\t\t\t\t\t\t\t\tSum\u0103 creditabil\u0103 de la 1.000 p\u00e2n\u0103 la 140.000 de lei\t\t\t\t\t\t\t\t\t\t\t<\/span>\n\t\t\t\t<\/li>\n\t\t\t\t\t\t\t\t\t\t\t<li class=\"elementor-repeater-item-71f253f\">\n\t\t\t\t\t\t\t\t\t\t\t<span class=\"wd-icon\"><svg class=\"e-font-icon-svg e-fas-check\" viewBox=\"0 0 512 512\" xmlns=\"http:\/\/www.w3.org\/2000\/svg\"><path d=\"M173.898 439.404l-166.4-166.4c-9.997-9.997-9.997-26.206 0-36.204l36.203-36.204c9.997-9.998 26.207-9.998 36.204 0L192 312.69 432.095 72.596c9.997-9.997 26.207-9.997 36.204 0l36.203 36.204c9.997 9.997 9.997 26.206 0 36.204l-294.4 294.401c-9.998 9.997-26.207 9.997-36.204-.001z\"><\/path><\/svg><\/span>\t\t\t\t\t\n\t\t\t\t\t<span class=\"wd-list-content list-content\">\n\t\t\t\t\t\t\t\t\t\t\t\t\tRecomandat \u0219i pentru refinan\u021bare\t\t\t\t\t\t\t\t\t\t\t<\/span>\n\t\t\t\t<\/li>\n\t\t\t\t\t<\/ul>\n\n\t\t\t\t\t\t<\/div>\n\t\t\t\t<\/div>\n\t\t\t\t<\/div>\n\t\t\t\t\t<\/div>\n\t\t\t\t<\/div>\n\t\t<div class=\"elementor-element elementor-element-448bb6e7 wd-section-stretch e-flex e-con-boxed e-con e-parent\" data-id=\"448bb6e7\" data-element_type=\"container\" data-e-type=\"container\" data-settings=\"{&quot;background_background&quot;:&quot;classic&quot;}\">\n\t\t\t\t\t<div class=\"e-con-inner\">\n\t\t<div class=\"elementor-element elementor-element-2119bb2b e-con-full e-flex e-con e-child\" data-id=\"2119bb2b\" data-element_type=\"container\" data-e-type=\"container\">\n\t\t\t\t<div class=\"elementor-element elementor-element-3170fe3a elementor-widget__width-initial wd-width-100 elementor-widget elementor-widget-wd_title\" data-id=\"3170fe3a\" data-element_type=\"widget\" data-e-type=\"widget\" data-widget_type=\"wd_title.default\">\n\t\t\t\t<div class=\"elementor-widget-container\">\n\t\t\t\t\t\t\t<div class=\"title-wrapper wd-set-mb reset-last-child wd-title-color-white wd-title-style-default wd-title-size-medium text-center\">\n\n\t\t\t\n\t\t\t<div class=\"liner-continer\">\n\t\t\t\t<h4 class=\"woodmart-title-container title wd-fontsize-xl\">Clien\u021bi eligibili<\/h4> \n\t\t\t\t\t\t\t<\/div>\n\n\t\t\t\t\t\t\t<div class=\"title-after_title reset-last-child wd-fontsize-s\">\n\t\t\t\t\t<p>Cet\u0103\u021beni rom\u00e2ni cu domiciliu \u00een Rom\u00e2nia sau cet\u0103\u021beni str\u0103ini cu reziden\u021b\u0103 \u00een Rom\u00e2nia (certificat de reziden\u021b\u0103 valabil cel pu\u021bin pe perioada creditului).<br \/>V\u00e2rst\u0103: 21-70 ani.<br \/>Vechime \u00een munc\u0103, salaria\u021bi: 3 luni la actualul angajator, cu vechime total\u0103 \u00een munc\u0103 de minimum 12 luni, f\u0103r\u0103 \u00eentreruperi mai mari de 31 de zile.<br \/>Vechime \u00een munc\u0103, PFA: cel pu\u021bin 12 luni.<br \/>Salariu minim net: 1400 ron<\/p>\t\t\t\t<\/div>\n\t\t\t\t\t<\/div>\n\t\t\t\t\t\t<\/div>\n\t\t\t\t<\/div>\n\t\t\t\t<\/div>\n\t\t\t\t\t<\/div>\n\t\t\t\t<\/div>\n\t\t<div class=\"elementor-element elementor-element-7fa4f176 wd-section-stretch e-flex e-con-boxed e-con e-parent\" data-id=\"7fa4f176\" data-element_type=\"container\" data-e-type=\"container\" id=\"calculator\" data-settings=\"{&quot;background_background&quot;:&quot;classic&quot;}\">\n\t\t\t\t\t<div class=\"e-con-inner\">\n\t\t\t\t<div class=\"elementor-element elementor-element-21b72686 elementor-widget elementor-widget-shortcode\" data-id=\"21b72686\" data-element_type=\"widget\" data-e-type=\"widget\" data-widget_type=\"shortcode.default\">\n\t\t\t\t\t\t\t<div class=\"elementor-shortcode\">        <section class=\"brns-calculator brns-calc-personal\">\n            <div class=\"brns-calc-header\">\n                <h2 class=\"brns-calc-title\">Calculator Credit Nevoi Personale<\/h2>\n                <p class=\"brns-calc-subtitle\">Calculeaz\u0103-\u021bi rata lunar\u0103 care \u021bi se potrive\u0219te cel mai bine<\/p>\n            <\/div>\n\n            <form onsubmit=\"return false;\" class=\"brns-calc-form\" id=\"brns-form-personal\">\n                <div class=\"brns-calc-body brns-calc-body--two-col\">\n\n                    <!-- Left column: inputs -->\n                    <div class=\"brns-col-left\">\n\n                        <!-- Sum\u0103 necesar\u0103 (slider + linked number input) -->\n                        <div class=\"brns-field-group\">\n                            <label class=\"brns-label\">Sum&#x103; necesar&#x103;<\/label>\n                            <div class=\"brns-slider-wrap\">\n                                <input type=\"range\"\n                                       id=\"suma-necesara-personal\"\n                                       class=\"brns-slider\"\n                                       min=\"2000\"\n                                       max=\"125000\"\n                                       value=\"15000\">\n                                <div class=\"brns-slider-limits\">\n                                    <span>2.000 Lei<\/span>\n                                    <span>125.000 Lei<\/span>\n                                <\/div>\n                            <\/div>\n                            <div class=\"brns-input-suffix\" style=\"margin-top:8px;\">\n                                <input type=\"number\"\n                                       id=\"output-suma-necesara-personal\"\n                                       class=\"brns-input brns-input--medium\"\n                                       min=\"2000\"\n                                       max=\"125000\"\n                                       value=\"15000\">\n                                <span class=\"brns-suffix\">Lei<\/span>\n                            <\/div>\n                        <\/div>\n\n                        <!-- Venit lunar -->\n                        <div class=\"brns-field-group\">\n                            <label class=\"brns-label\" for=\"venit-personal\">Venit lunar<\/label>\n                            <div class=\"brns-input-suffix\">\n                                <input type=\"number\" id=\"venit-personal\" class=\"brns-input\"\n                                       step=\"any\" min=\"0\" placeholder=\"0\">\n                                <span class=\"brns-suffix\">Lei<\/span>\n                            <\/div>\n                        <\/div>\n\n                        <!-- Alte rate lunare -->\n                        <div class=\"brns-field-group\">\n                            <label class=\"brns-label\" for=\"alte-rate-personal\">Alte rate lunare<\/label>\n                            <div class=\"brns-input-suffix\">\n                                <input type=\"number\" id=\"alte-rate-personal\" class=\"brns-input\"\n                                       step=\"any\" min=\"0\" value=\"0\">\n                                <span class=\"brns-suffix\">Lei<\/span>\n                            <\/div>\n                        <\/div>\n\n                        <!-- Perioad\u0103 creditare\n                             IMPORTANT: option values are in MONTHS (not years)\n                             so the JS annuity formula can use them directly. -->\n                        <div class=\"brns-field-group\">\n                            <label class=\"brns-label\" for=\"perioada-creditare-personal\">Perioad&#x103; creditare<\/label>\n                            <select id=\"perioada-creditare-personal\" class=\"brns-select\">\n                                <option value=\"12\">1 AN<\/option>\n                                <option value=\"24\">2 ANI<\/option>\n                                <option value=\"36\">3 ANI<\/option>\n                                <option value=\"48\">4 ANI<\/option>\n                                <option value=\"60\" selected>5 ANI<\/option>\n                            <\/select>\n                        <\/div>\n\n                        <!-- Banc\u0103 creditoare (rendered from PHP settings; JS reads index) -->\n                        <div class=\"brns-field-group\">\n                            <label class=\"brns-label\" for=\"banca-personal\">Alege banca creditoare<\/label>\n                            <select id=\"banca-personal\" class=\"brns-select\">\n                                                                    <option value=\"0\">\n                                        Banca Transilvania                                        &mdash; 6.50%\n                                    <\/option>\n                                                                    <option value=\"1\">\n                                        ING                                        &mdash; 6.50%\n                                    <\/option>\n                                                                    <option value=\"2\">\n                                        Alior Bank                                        &mdash; 8.50%\n                                    <\/option>\n                                                                    <option value=\"3\">\n                                        OTP Bank                                        &mdash; 7.50%\n                                    <\/option>\n                                                                    <option value=\"4\">\n                                        First Bank                                        &mdash; 5.50%\n                                    <\/option>\n                                                            <\/select>\n                        <\/div>\n\n                        <!-- Toggle: dob\u00e2nd\u0103 redus\u0103 la domicilierea salariului -->\n                        <div class=\"brns-field-group brns-toggle-group\">\n                            <label class=\"brns-toggle-label\">\n                                <input type=\"checkbox\" id=\"dobanda-redusa-personal\" class=\"brns-toggle\">\n                                <span class=\"brns-toggle-track\"><\/span>\n                                <span style=\"font-size:0.88rem;color:var(--brns-text);\">\n                                    Mic&#x219;oreaz&#x103; dob&#xE2;nda &#xEE;ncas&#xE2;nd salariul la banca creditoare\n                                <\/span>\n                            <\/label>\n                        <\/div>\n\n                        <!-- Calculate button -->\n                        <div class=\"brns-field-group\" style=\"text-align:center;margin-top:4px;\">\n                            <button class=\"brns-btn brns-btn--gold brns-btn--full\" id=\"calculeaza-personal\" type=\"button\">\n                                Calculeaz&#x103;\n                            <\/button>\n                        <\/div>\n\n                    <\/div><!-- \/.brns-col-left -->\n\n                    <!-- Right column: results -->\n                    <div class=\"brns-col-right\">\n                        <div class=\"brns-results-grid\" style=\"grid-template-columns:1fr;gap:12px;\">\n                            <div class=\"brns-result-item brns-result-item--highlight\">\n                                <span class=\"brns-result-label\">Rat&#x103; lunar&#x103;<\/span>\n                                <span class=\"brns-result-value brns-result-value--large\" id=\"rata-lunara-personal\">\u2014<\/span>\n                            <\/div>\n                            <div class=\"brns-result-item\">\n                                <span class=\"brns-result-label\">Status aprobare<\/span>\n                                <span class=\"brns-result-value\" id=\"status-aprobare-personal\">\u2014<\/span>\n                            <\/div>\n                            <div class=\"brns-result-item\">\n                                <span class=\"brns-result-label\">Cost total pl&#x103;tibil<\/span>\n                                <span class=\"brns-result-value\" id=\"cost-total-platibil-personal\">\u2014<\/span>\n                            <\/div>\n                        <\/div>\n                        <p class=\"brns-disclaimer\" style=\"margin-top:16px;\">\n                            *Calculele sunt aproximative \u0219i rezultatele difer\u0103 \u00een func\u021bie de profilul fiec\u0103rui client.                        <\/p>\n                        <div class=\"brns-quote-btn-wrap\">\n                            <button type=\"button\" class=\"brns-quote-btn\" style=\"width:100%;\">\n                                Solicit&#x103; o Ofert&#x103;\n                            <\/button>\n                        <\/div>\n                    <\/div><!-- \/.brns-col-right -->\n\n                <\/div><!-- \/.brns-calc-body -->\n            <\/form>\n\n                        <div class=\"brns-footer-notes\">\n                Dob\u00e2nzi disponibile:<br \/>\n  Banca Transilvania: 6.50% (cu domiciliere salariu: 5.50%)<br \/>\n  ING: 6.50% (cu domiciliere salariu: 5.50%)<br \/>\n  Alior Bank: 8.50% (cu domiciliere salariu: 7.50%)<br \/>\n  OTP Bank: 7.50% (cu domiciliere salariu: 6.50%)<br \/>\n  First Bank: 5.50% (cu domiciliere salariu: 4.50%)<br \/>\nReducere dob\u00e2nd\u0103 cu domicilierea salariului: 1%<br \/>\n*Calculele sunt aproximative \u0219i rezultatele difer\u0103 \u00een func\u021bie de profilul fiec\u0103rui client.            <\/div>\n                    <\/section>\n        <\/div>\n\t\t\t\t\t\t<\/div>\n\t\t\t\t\t<\/div>\n\t\t\t\t<\/div>\n\t\t\t\t<\/div>\n\t\t","protected":false},"excerpt":{"rendered":"<p>Credite nevoi personale negarantate Destinate persoanelor fizice pentru satisfacerea oricarei nevoi. Solicitantul nu trebuie sa declare scopul in care vor<\/p>\n","protected":false},"author":1,"featured_media":36181,"parent":0,"menu_order":0,"comment_status":"closed","ping_status":"closed","template":"","meta":{"footnotes":""},"class_list":["post-36372","page","type-page","status-publish","has-post-thumbnail","hentry"],"_links":{"self":[{"href":"https:\/\/ge.managedwp.agency\/credite-si-finantare\/wp-json\/wp\/v2\/pages\/36372","targetHints":{"allow":["GET"]}}],"collection":[{"href":"https:\/\/ge.managedwp.agency\/credite-si-finantare\/wp-json\/wp\/v2\/pages"}],"about":[{"href":"https:\/\/ge.managedwp.agency\/credite-si-finantare\/wp-json\/wp\/v2\/types\/page"}],"author":[{"embeddable":true,"href":"https:\/\/ge.managedwp.agency\/credite-si-finantare\/wp-json\/wp\/v2\/users\/1"}],"replies":[{"embeddable":true,"href":"https:\/\/ge.managedwp.agency\/credite-si-finantare\/wp-json\/wp\/v2\/comments?post=36372"}],"version-history":[{"count":15,"href":"https:\/\/ge.managedwp.agency\/credite-si-finantare\/wp-json\/wp\/v2\/pages\/36372\/revisions"}],"predecessor-version":[{"id":36584,"href":"https:\/\/ge.managedwp.agency\/credite-si-finantare\/wp-json\/wp\/v2\/pages\/36372\/revisions\/36584"}],"wp:featuredmedia":[{"embeddable":true,"href":"https:\/\/ge.managedwp.agency\/credite-si-finantare\/wp-json\/wp\/v2\/media\/36181"}],"wp:attachment":[{"href":"https:\/\/ge.managedwp.agency\/credite-si-finantare\/wp-json\/wp\/v2\/media?parent=36372"}],"curies":[{"name":"wp","href":"https:\/\/api.w.org\/{rel}","templated":true}]}}