{"id":35650,"date":"2026-02-05T12:00:00","date_gmt":"2026-02-05T12:00:00","guid":{"rendered":"https:\/\/ge.managedwp.agency\/autoturisme\/?post_type=product&#038;p=35650"},"modified":"2026-03-06T08:00:55","modified_gmt":"2026-03-06T08:00:55","slug":"ferrari-812-superfast-v12-full-carbon-70th","status":"publish","type":"product","link":"https:\/\/ge.managedwp.agency\/autoturisme\/en\/in-stoc\/ferrari-812-superfast-v12-full-carbon-70th\/","title":{"rendered":"Ferrari 812 Superfast V12 Full Carbon 70th"},"content":{"rendered":"<blockquote>\n<h3 data-fontsize=\"32\" data-lineheight=\"40px\">Ferrari \u00een form\u0103 pur\u0103 \u2013 un model cu design emblematic Rosso Corsa, scaune din carbon, suspensie sport \u0219i pachet complet din fibr\u0103 de carbon. Interiorul rafinat se \u00eembin\u0103 perfect cu tehnologia modern\u0103 \u0219i un istoric complet de service la Ferrari.<\/h3>\n<\/blockquote>\n<h3 class=\"fusion-responsive-typography-calculated\" data-fontsize=\"32\" data-lineheight=\"40px\">Model: Ferrari 812 Superfast V12 \u2013 799cp<\/h3>\n<article class=\"text-token-text-primary w-full\" dir=\"auto\" data-testid=\"conversation-turn-144\" data-scroll-anchor=\"true\">\n<div class=\"text-base my-auto mx-auto py-5 [--thread-content-margin:--spacing(4)] @[37rem]:[--thread-content-margin:--spacing(6)] @[72rem]:[--thread-content-margin:--spacing(16)] px-(--thread-content-margin)\">\n<div class=\"[--thread-content-max-width:32rem] @[34rem]:[--thread-content-max-width:40rem] @[64rem]:[--thread-content-max-width:48rem] mx-auto flex max-w-(--thread-content-max-width) flex-1 text-base gap-4 md:gap-5 lg:gap-6 group\/turn-messages focus-visible:outline-hidden\" tabindex=\"-1\">\n<div class=\"group\/conversation-turn relative flex w-full min-w-0 flex-col agent-turn\">\n<div class=\"relative flex-col gap-1 md:gap-3\">\n<div class=\"flex max-w-full flex-col grow\">\n<div class=\"min-h-8 text-message relative flex w-full flex-col items-end gap-2 text-start break-words whitespace-normal [.text-message+&amp;]:mt-5\" dir=\"auto\" data-message-author-role=\"assistant\" data-message-id=\"5b6b70e2-7ff5-4535-918e-201a96ead8ef\" data-message-model-slug=\"gpt-4o\">\n<div class=\"flex w-full flex-col gap-1 empty:hidden first:pt-[3px]\">\n<div class=\"markdown prose dark:prose-invert w-full break-words dark\">\n<h3 data-start=\"23\" data-end=\"109\"><strong data-start=\"23\" data-end=\"109\" data-is-last-node=\"\">Autoturism disponibil \u00een stocul extern. Pentru detalii, v\u0103 rug\u0103m s\u0103 ne contacta\u021bi.<\/strong><\/h3>\n<\/div>\n<\/div>\n<\/div>\n<\/div>\n<\/div>\n<\/div>\n<\/div>\n<\/div>\n<\/article>\n<h3 class=\"fusion-responsive-typography-calculated\" data-fontsize=\"32\" data-lineheight=\"40px\">Disponibil in Leasing, oferte negociate la peste 9 Institutii Financiare avute in portofoliu.<\/h3>\n<h4 class=\"fusion-responsive-typography-calculated\" data-fontsize=\"26\" data-lineheight=\"35px\">Leasing Financiar | Leasing Operational | Credit Auto | Credit Extern<\/h4>\n<h5 class=\"fusion-responsive-typography-calculated\" data-fontsize=\"22\" data-lineheight=\"29px\">Detalii si optiuni:<\/h5>\n<hr \/>\n<ul>\n<li>\n<h3 data-start=\"139\" data-end=\"182\">\ud83d\udee1\ufe0f <strong data-start=\"147\" data-end=\"182\">Siguran\u021b\u0103 &amp; Asisten\u021b\u0103 la Condus<\/strong><\/h3>\n<ul data-start=\"184\" data-end=\"1180\">\n<li data-start=\"184\" data-end=\"269\">\n<p data-start=\"186\" data-end=\"269\"><strong data-start=\"186\" data-end=\"220\">Airbaguri frontale \u0219i laterale<\/strong> \u2013 Protec\u021bie eficient\u0103 pentru \u0219ofer \u0219i pasageri<\/p>\n<\/li>\n<li data-start=\"270\" data-end=\"351\">\n<p data-start=\"272\" data-end=\"351\"><strong data-start=\"272\" data-end=\"296\">Asisten\u021b\u0103 la parcare<\/strong> \u2013 Senzori fa\u021b\u0103\/spate pentru parcare u\u0219oar\u0103 \u0219i sigur\u0103<\/p>\n<\/li>\n<li data-start=\"352\" data-end=\"438\">\n<p data-start=\"354\" data-end=\"438\"><strong data-start=\"354\" data-end=\"380\">Camer\u0103 360\u00b0 fa\u021b\u0103\/spate<\/strong> \u2013 Vizibilitate complet\u0103 la manevrele din spa\u021bii \u00eenguste<\/p>\n<\/li>\n<li data-start=\"439\" data-end=\"525\">\n<p data-start=\"441\" data-end=\"525\"><strong data-start=\"441\" data-end=\"480\">PDC fa\u021b\u0103\/spate cu camer\u0103 fa\u021b\u0103+spate<\/strong> \u2013 Asisten\u021b\u0103 vizual\u0103 \u0219i acustic\u0103 la parcare<\/p>\n<\/li>\n<li data-start=\"526\" data-end=\"617\">\n<p data-start=\"528\" data-end=\"617\"><strong data-start=\"528\" data-end=\"556\">Sistem de sp\u0103lare faruri<\/strong> \u2013 Cur\u0103\u021bare automat\u0103 a farurilor pentru vizibilitate optim\u0103<\/p>\n<\/li>\n<li data-start=\"618\" data-end=\"704\">\n<p data-start=\"620\" data-end=\"704\"><strong data-start=\"620\" data-end=\"640\">Senzor de lumin\u0103<\/strong> \u2013 Activeaz\u0103 automat farurile \u00een condi\u021bii de iluminare sc\u0103zut\u0103<\/p>\n<\/li>\n<li data-start=\"705\" data-end=\"785\">\n<p data-start=\"707\" data-end=\"785\"><strong data-start=\"707\" data-end=\"727\">Senzor de ploaie<\/strong> \u2013 Porne\u0219te automat \u0219terg\u0103toarele c\u00e2nd detecteaz\u0103 ploaie<\/p>\n<\/li>\n<li data-start=\"786\" data-end=\"867\">\n<p data-start=\"788\" data-end=\"867\"><strong data-start=\"788\" data-end=\"822\">Monitorizare presiune anvelope<\/strong> \u2013 Alerteaz\u0103 \u00een caz de pierdere de presiune<\/p>\n<\/li>\n<li data-start=\"868\" data-end=\"935\">\n<p data-start=\"870\" data-end=\"935\"><strong data-start=\"870\" data-end=\"893\">Limitator de vitez\u0103<\/strong> \u2013 Permite stabilirea unei viteze maxime<\/p>\n<\/li>\n<li data-start=\"936\" data-end=\"1010\">\n<p data-start=\"938\" data-end=\"1010\"><strong data-start=\"938\" data-end=\"959\">Control trac\u021biune<\/strong> \u2013 \u00cembun\u0103t\u0103\u021be\u0219te aderen\u021ba pe suprafe\u021be alunecoase<\/p>\n<\/li>\n<li data-start=\"1011\" data-end=\"1098\">\n<p data-start=\"1013\" data-end=\"1098\"><strong data-start=\"1013\" data-end=\"1057\">Control electronic al stabilit\u0103\u021bii (ESP)<\/strong> \u2013 Men\u021bine stabilitatea \u00een curbe rapide<\/p>\n<\/li>\n<li data-start=\"1099\" data-end=\"1180\">\n<p data-start=\"1101\" data-end=\"1180\"><strong data-start=\"1101\" data-end=\"1128\">Imobilizator electronic<\/strong> \u2013 \u00cempiedic\u0103 pornirea ma\u0219inii f\u0103r\u0103 cheia original\u0103<\/p>\n<\/li>\n<\/ul>\n<hr data-start=\"1182\" data-end=\"1185\" \/>\n<h3 data-start=\"1187\" data-end=\"1217\">\ud83d\udecb\ufe0f <strong data-start=\"1195\" data-end=\"1217\">Confort &amp; Interior<\/strong><\/h3>\n<ul data-start=\"1219\" data-end=\"2134\">\n<li data-start=\"1219\" data-end=\"1271\">\n<p data-start=\"1221\" data-end=\"1271\"><strong data-start=\"1221\" data-end=\"1240\">Aer condi\u021bionat<\/strong> \u2013 R\u0103cire rapid\u0103 \u0219i eficient\u0103<\/p>\n<\/li>\n<li data-start=\"1272\" data-end=\"1357\">\n<p data-start=\"1274\" data-end=\"1357\"><strong data-start=\"1274\" data-end=\"1308\">Climatizare automat\u0103 pe 2 zone<\/strong> \u2013 Temperatur\u0103 separat\u0103 pentru \u0219ofer \u0219i pasager<\/p>\n<\/li>\n<li data-start=\"1358\" data-end=\"1442\">\n<p data-start=\"1360\" data-end=\"1442\"><strong data-start=\"1360\" data-end=\"1389\">Scaune cu reglaj electric<\/strong> \u2013 Ajustare precis\u0103 pentru pozi\u021bie optim\u0103 la condus<\/p>\n<\/li>\n<li data-start=\"1443\" data-end=\"1505\">\n<p data-start=\"1445\" data-end=\"1505\"><strong data-start=\"1445\" data-end=\"1466\">Scaune din carbon<\/strong> \u2013 Confort sportiv cu greutate redus\u0103<\/p>\n<\/li>\n<li data-start=\"1443\" data-end=\"1505\"><strong>Pachet interior full carbon \u2013\u00a0<\/strong>Design sportiv<\/li>\n<li data-start=\"1506\" data-end=\"1574\">\n<p data-start=\"1508\" data-end=\"1574\"><strong data-start=\"1508\" data-end=\"1524\">Scaune sport<\/strong> \u2013 Suport lateral excelent pentru condus dinamic<\/p>\n<\/li>\n<li data-start=\"1575\" data-end=\"1628\">\n<p data-start=\"1577\" data-end=\"1628\"><strong data-start=\"1577\" data-end=\"1588\">Cotier\u0103<\/strong> \u2013 Confort sporit \u00een timpul condusului<\/p>\n<\/li>\n<li data-start=\"1629\" data-end=\"1697\">\n<p data-start=\"1631\" data-end=\"1697\"><strong data-start=\"1631\" data-end=\"1658\">Volan \u00eembr\u0103cat \u00een piele<\/strong> \u2013 Aderen\u021b\u0103 optim\u0103 \u0219i finisaj premium<\/p>\n<\/li>\n<li data-start=\"1698\" data-end=\"1776\">\n<p data-start=\"1700\" data-end=\"1776\"><strong data-start=\"1700\" data-end=\"1725\">Volan multifunc\u021bional<\/strong> \u2013 Acces rapid la comenzi audio \u0219i cruise control<\/p>\n<\/li>\n<li data-start=\"1777\" data-end=\"1875\">\n<p data-start=\"1779\" data-end=\"1875\"><strong data-start=\"1779\" data-end=\"1821\">Oglind\u0103 interioar\u0103 cu reglare automat\u0103<\/strong> \u2013 Reduce efectul de orbire de la farurile din spate<\/p>\n<\/li>\n<li data-start=\"1876\" data-end=\"1934\">\n<p data-start=\"1878\" data-end=\"1934\"><strong data-start=\"1878\" data-end=\"1887\">Trap\u0103<\/strong> \u2013 Ventila\u021bie \u0219i lumin\u0103 natural\u0103 \u00een habitaclu<\/p>\n<\/li>\n<li data-start=\"1935\" data-end=\"1999\">\n<p data-start=\"1937\" data-end=\"1999\"><strong data-start=\"1937\" data-end=\"1966\">Vehicul pentru nefum\u0103tori<\/strong> \u2013 Interior curat \u0219i \u00eentre\u021binut<\/p>\n<\/li>\n<li data-start=\"2000\" data-end=\"2061\">\n<p data-start=\"2002\" data-end=\"2061\"><strong data-start=\"2002\" data-end=\"2017\">Set Pan Kit<\/strong> \u2013 Echipament suplimentar pentru drum lung<\/p>\n<\/li>\n<li data-start=\"2062\" data-end=\"2134\">\n<p data-start=\"2064\" data-end=\"2134\"><strong data-start=\"2064\" data-end=\"2081\">Suport lombar<\/strong> \u2013 Sprijin pentru zona lombar\u0103 \u00een c\u0103l\u0103toriile lungi<\/p>\n<\/li>\n<\/ul>\n<hr data-start=\"2136\" data-end=\"2139\" \/>\n<h3 data-start=\"2141\" data-end=\"2175\">\ud83d\udca1 <strong data-start=\"2148\" data-end=\"2175\">Tehnologie &amp; Multimedia<\/strong><\/h3>\n<ul data-start=\"2177\" data-end=\"2937\">\n<li data-start=\"2177\" data-end=\"2253\">\n<p data-start=\"2179\" data-end=\"2253\"><a href=\"https:\/\/globalxpert.ro\/produs\/mercedes-benz-cla-250e-luxury-plug-in-hybrid\/\"><strong data-start=\"2179\" data-end=\"2196\">Apple CarPlay<\/strong> \u2013 Integrare complet\u0103 a telefonului \u00een sistemul ma\u0219inii<\/a><\/p>\n<\/li>\n<li data-start=\"2254\" data-end=\"2320\">\n<p data-start=\"2256\" data-end=\"2320\"><strong data-start=\"2256\" data-end=\"2279\">Sistem de naviga\u021bie<\/strong> \u2013 Ghidare precis\u0103 cu hart\u0103 actualizat\u0103<\/p>\n<\/li>\n<li data-start=\"2254\" data-end=\"2320\"><strong>Ferrari 812 Superfast V12 Theme<\/strong><\/li>\n<li data-start=\"2321\" data-end=\"2403\">\n<p data-start=\"2323\" data-end=\"2403\"><strong data-start=\"2323\" data-end=\"2344\">Radio digital DAB<\/strong> \u2013 Calitate audio superioar\u0103 \u0219i acces la posturi multiple<\/p>\n<\/li>\n<li data-start=\"2321\" data-end=\"2403\"><strong>Sistem de sunet JBL \u2013\u00a0<\/strong>Calitate audio superioara<\/li>\n<li data-start=\"2404\" data-end=\"2483\">\n<p data-start=\"2406\" data-end=\"2483\"><strong data-start=\"2406\" data-end=\"2426\">Computer de bord<\/strong> \u2013 Informa\u021bii despre consum, autonomie \u0219i diagnosticare<\/p>\n<\/li>\n<li data-start=\"2484\" data-end=\"2537\">\n<p data-start=\"2486\" data-end=\"2537\"><strong data-start=\"2486\" data-end=\"2502\">Ecran tactil<\/strong> \u2013 Interfa\u021b\u0103 modern\u0103 \u0219i intuitiv\u0103<\/p>\n<\/li>\n<li data-start=\"2538\" data-end=\"2612\">\n<p data-start=\"2540\" data-end=\"2612\"><strong data-start=\"2540\" data-end=\"2559\">Display pasager<\/strong> \u2013 Informa\u021bii vizibile \u0219i pentru pasagerul din fa\u021b\u0103<\/p>\n<\/li>\n<li data-start=\"2613\" data-end=\"2661\">\n<p data-start=\"2615\" data-end=\"2661\"><strong data-start=\"2615\" data-end=\"2632\">Control vocal<\/strong> \u2013 Comenzi rapide prin voce<\/p>\n<\/li>\n<li data-start=\"2662\" data-end=\"2734\">\n<p data-start=\"2664\" data-end=\"2734\"><strong data-start=\"2664\" data-end=\"2677\">Bluetooth<\/strong> \u2013 Conectare wireless pentru telefon \u0219i streaming audio<\/p>\n<\/li>\n<li data-start=\"2735\" data-end=\"2804\">\n<p data-start=\"2737\" data-end=\"2804\"><strong data-start=\"2737\" data-end=\"2753\">Conector USB<\/strong> \u2013 \u00cenc\u0103rcare \u0219i conectare rapid\u0103 a dispozitivelor<\/p>\n<\/li>\n<li data-start=\"2805\" data-end=\"2862\">\n<p data-start=\"2807\" data-end=\"2862\"><strong data-start=\"2807\" data-end=\"2824\">Hotspot Wi-Fi<\/strong> \u2013 Conectivitate internet \u00een mi\u0219care<\/p>\n<\/li>\n<li data-start=\"2863\" data-end=\"2937\">\n<p data-start=\"2865\" data-end=\"2937\"><strong data-start=\"2865\" data-end=\"2892\">Padele schimbare trepte<\/strong> \u2013 Schimbare rapid\u0103 a vitezelor de pe volan<\/p>\n<\/li>\n<\/ul>\n<hr data-start=\"2939\" data-end=\"2942\" \/>\n<h3 data-start=\"2944\" data-end=\"2988\">\ud83c\udf1f <strong data-start=\"2951\" data-end=\"2988\">Design Exterior &amp; Func\u021bionalitate<\/strong><\/h3>\n<ul data-start=\"2990\" data-end=\"3627\">\n<li data-start=\"2990\" data-end=\"3081\">\n<p data-start=\"2992\" data-end=\"3081\"><strong data-start=\"2992\" data-end=\"3033\">Culoare: Rosso Corsa 70th Anniversary<\/strong> \u2013 Nuan\u021b\u0103 emblematic\u0103 Ferrari, edi\u021bie special\u0103<\/p>\n<\/li>\n<li data-start=\"3082\" data-end=\"3132\">\n<p data-start=\"3084\" data-end=\"3132\"><strong data-start=\"3084\" data-end=\"3101\">Culoare: Ro\u0219u<\/strong> \u2013 Clasic, sportiv \u0219i elegant<\/p>\n<\/li>\n<li data-start=\"3133\" data-end=\"3192\">\n<p data-start=\"3135\" data-end=\"3192\"><strong data-start=\"3135\" data-end=\"3154\">Jante din aliaj<\/strong> \u2013 Design sportiv \u0219i greutate redus\u0103<\/p>\n<\/li>\n<li data-start=\"3133\" data-end=\"3192\"><strong>Frane ceramice din carbon Brembo &#8211; <\/strong>Siguranta si confort la superlativ<\/li>\n<li data-start=\"3193\" data-end=\"3247\">\n<p data-start=\"3195\" data-end=\"3247\"><strong data-start=\"3195\" data-end=\"3209\">Faruri LED<\/strong> \u2013 Iluminare puternic\u0103, consum redus<\/p>\n<\/li>\n<li data-start=\"3248\" data-end=\"3311\">\n<p data-start=\"3250\" data-end=\"3311\"><strong data-start=\"3250\" data-end=\"3270\">Lumini de zi LED<\/strong> \u2013 Vizibilitate crescut\u0103 \u0219i stil modern<\/p>\n<\/li>\n<li data-start=\"3312\" data-end=\"3395\">\n<p data-start=\"3314\" data-end=\"3395\"><strong data-start=\"3314\" data-end=\"3339\">Sistem lumini AFS LED<\/strong> \u2013 Faruri adaptive pentru viraje \u0219i condi\u021bii variabile<\/p>\n<\/li>\n<li data-start=\"3396\" data-end=\"3474\">\n<p data-start=\"3398\" data-end=\"3474\"><strong data-start=\"3398\" data-end=\"3428\">Pachet exterior din carbon<\/strong> \u2013 Elemente aerodinamice u\u0219oare \u0219i exclusive<\/p>\n<\/li>\n<li data-start=\"3475\" data-end=\"3553\">\n<p data-start=\"3477\" data-end=\"3553\"><strong data-start=\"3477\" data-end=\"3508\">Folie protec\u021bie anti-pietre<\/strong> \u2013 Protejeaz\u0103 caroseria de impacturi minore<\/p>\n<\/li>\n<li data-start=\"3554\" data-end=\"3627\">\n<p data-start=\"3556\" data-end=\"3627\"><strong data-start=\"3556\" data-end=\"3575\">Etriere galbene<\/strong> \u2013 Detaliu de design sportiv cu identitate Ferrari<\/p>\n<\/li>\n<\/ul>\n<hr data-start=\"3629\" data-end=\"3632\" \/>\n<h3 data-start=\"3634\" data-end=\"3667\">\u2699\ufe0f <strong data-start=\"3641\" data-end=\"3667\">Performan\u021b\u0103 &amp; Dinamic\u0103<\/strong><\/h3>\n<ul data-start=\"3669\" data-end=\"4295\">\n<li data-start=\"3669\" data-end=\"3739\">\n<p data-start=\"3671\" data-end=\"3739\"><strong data-start=\"3671\" data-end=\"3690\">Suspensie sport<\/strong> \u2013 Stabilitate crescut\u0103 \u0219i comportament dinamic<\/p>\n<\/li>\n<li data-start=\"3740\" data-end=\"3832\">\n<p data-start=\"3742\" data-end=\"3832\"><strong data-start=\"3742\" data-end=\"3777\">Sistem de ridicare a suspensiei<\/strong> \u2013 Ridicare la nevoie pentru treceri peste denivel\u0103ri<\/p>\n<\/li>\n<li data-start=\"3833\" data-end=\"3915\">\n<p data-start=\"3835\" data-end=\"3915\"><strong data-start=\"3835\" data-end=\"3851\">Pachet sport<\/strong> \u2013 Accente suplimentare pentru o experien\u021b\u0103 de condus sportiv\u0103<\/p>\n<\/li>\n<li data-start=\"3916\" data-end=\"3988\">\n<p data-start=\"3918\" data-end=\"3988\"><strong data-start=\"3918\" data-end=\"3935\">Servodirec\u021bie<\/strong> \u2013 Direc\u021bie asistat\u0103 pentru manevrabilitate precis\u0103<\/p>\n<\/li>\n<li data-start=\"3989\" data-end=\"4058\">\n<p data-start=\"3991\" data-end=\"4058\"><strong data-start=\"3991\" data-end=\"4011\">Anvelope de var\u0103<\/strong> \u2013 Performan\u021b\u0103 optimizat\u0103 pentru sezonul cald<\/p>\n<\/li>\n<li data-start=\"4059\" data-end=\"4128\">\n<p data-start=\"4061\" data-end=\"4128\"><strong data-start=\"4061\" data-end=\"4090\">Sistem Start\/Stop automat<\/strong> \u2013 Economisire combustibil \u00een trafic<\/p>\n<\/li>\n<li data-start=\"4129\" data-end=\"4201\">\n<p data-start=\"4131\" data-end=\"4201\"><strong data-start=\"4131\" data-end=\"4160\">Tempomat (Cruise control)<\/strong> \u2013 Men\u021bine automat viteza pe autostrad\u0103<\/p>\n<\/li>\n<li data-start=\"4202\" data-end=\"4295\">\n<p data-start=\"4204\" data-end=\"4295\"><strong data-start=\"4204\" data-end=\"4235\">Revizii complete la <a href=\"https:\/\/www.ferrari.com\/en-EN\/auto\/812-superfast\">Ferrari<\/a><\/strong> \u2013 Istoric complet, \u00eentre\u021binut conform standardului m\u0103rcii<\/p>\n<\/li>\n<li data-start=\"4202\" data-end=\"4295\"><strong>Pachet Service Gratuit 7 ani \u2013\u00a0<\/strong>Confortul si stabilitatea primeaza<\/li>\n<\/ul>\n<\/li>\n<\/ul>\n<p>&nbsp;<\/p>\n<hr \/>\n<p><em>Depunem toate eforturile pentru a furniza informa\u021bii corecte \u0219i actualizate, \u00eens\u0103 specifica\u021biile vehiculelor, dot\u0103rile \u0219i pre\u021burile pot varia \u00een func\u021bie de configura\u021bie, disponibilitate \u0219i actualiz\u0103rile produc\u0103torului. Anumite op\u021biuni men\u021bionate \u00een descriere pot face parte din dotarea standard oferit\u0103 de produc\u0103tor, dar s\u0103 nu fie incluse pe vehiculul specific prezentat. Imaginile sunt cu titlu informativ \u0219i pot con\u021bine echipamente op\u021bionale. Ne rezerv\u0103m dreptul de a modifica sau actualiza informa\u021biile f\u0103r\u0103 notificare prealabil\u0103. V\u0103 recomand\u0103m s\u0103 verifica\u021bi toate detaliile direct cu un consultant de v\u00e2nz\u0103ri. Nu ne asum\u0103m responsabilitatea pentru eventuale erori de tipar sau omisiuni \u00een descrierile vehiculelor.<\/em><\/p>\n","protected":false},"excerpt":{"rendered":"<p>Ferrari \u00een form\u0103 pur\u0103 \u2013 un model cu design emblematic Rosso Corsa, scaune din carbon, suspensie sport \u0219i pachet complet<\/p>","protected":false},"featured_media":35722,"template":"","meta":[],"product_brand":[472],"product_cat":[2356],"product_tag":[426,444,445,446,447,448,449,450,451,452,453,454,455,456,457,458,459,460,461,462,463,464,465,466,467,468,469,470,471],"class_list":{"0":"post-35650","1":"product","2":"type-product","3":"status-publish","4":"has-post-thumbnail","6":"product_brand-ferrari","7":"product_cat-ferrari","8":"product_tag-carbon","9":"product_tag-clima-2-zone-ferrari","10":"product_tag-etriere-galbene-ferrari","11":"product_tag-ferrari","12":"product_tag-ferrari-70th-anniversary","13":"product_tag-ferrari-carbon","14":"product_tag-ferrari-cu-apple-carplay","15":"product_tag-ferrari-cu-camera-360","16":"product_tag-ferrari-cu-dab-radio","17":"product_tag-ferrari-cu-display-pasager","18":"product_tag-ferrari-cu-lifting-system","19":"product_tag-ferrari-cu-start-stop","20":"product_tag-ferrari-cu-suspensie-sport","21":"product_tag-ferrari-cu-trapa","22":"product_tag-ferrari-led","23":"product_tag-ferrari-pan-kit","24":"product_tag-ferrari-rosso-corsa","25":"product_tag-ferrari-sport","26":"product_tag-ferrari-sport-seats","27":"product_tag-ferrariroma","28":"product_tag-full-service-ferrari","29":"product_tag-interior-ferrari-alcantara","30":"product_tag-jante-ferrari","31":"product_tag-navigatie-ferrari","32":"product_tag-newferrari","33":"product_tag-pachet-carbon-ferrari","34":"product_tag-roma","35":"product_tag-scaune-carbon-ferrari","36":"product_tag-sistem-audio-ferrari","38":"first","39":"instock","40":"taxable","41":"shipping-taxable","42":"purchasable","43":"product-type-simple"},"_links":{"self":[{"href":"https:\/\/ge.managedwp.agency\/autoturisme\/en\/wp-json\/wp\/v2\/product\/35650","targetHints":{"allow":["GET"]}}],"collection":[{"href":"https:\/\/ge.managedwp.agency\/autoturisme\/en\/wp-json\/wp\/v2\/product"}],"about":[{"href":"https:\/\/ge.managedwp.agency\/autoturisme\/en\/wp-json\/wp\/v2\/types\/product"}],"version-history":[{"count":1,"href":"https:\/\/ge.managedwp.agency\/autoturisme\/en\/wp-json\/wp\/v2\/product\/35650\/revisions"}],"predecessor-version":[{"id":35723,"href":"https:\/\/ge.managedwp.agency\/autoturisme\/en\/wp-json\/wp\/v2\/product\/35650\/revisions\/35723"}],"wp:featuredmedia":[{"embeddable":true,"href":"https:\/\/ge.managedwp.agency\/autoturisme\/en\/wp-json\/wp\/v2\/media\/35722"}],"wp:attachment":[{"href":"https:\/\/ge.managedwp.agency\/autoturisme\/en\/wp-json\/wp\/v2\/media?parent=35650"}],"wp:term":[{"taxonomy":"product_brand","embeddable":true,"href":"https:\/\/ge.managedwp.agency\/autoturisme\/en\/wp-json\/wp\/v2\/product_brand?post=35650"},{"taxonomy":"product_cat","embeddable":true,"href":"https:\/\/ge.managedwp.agency\/autoturisme\/en\/wp-json\/wp\/v2\/product_cat?post=35650"},{"taxonomy":"product_tag","embeddable":true,"href":"https:\/\/ge.managedwp.agency\/autoturisme\/en\/wp-json\/wp\/v2\/product_tag?post=35650"}],"curies":[{"name":"wp","href":"https:\/\/api.w.org\/{rel}","templated":true}]}}